{"id":12585,"date":"2025-11-24T14:54:37","date_gmt":"2025-11-24T14:54:37","guid":{"rendered":"https:\/\/metacoach.lv\/?post_type=product&#038;p=12585"},"modified":"2025-11-24T15:06:58","modified_gmt":"2025-11-24T15:06:58","slug":"pdf-gramata-koucinga-tehnikas","status":"publish","type":"product","link":"https:\/\/metacoach.lv\/ru\/product\/pdf-gramata-koucinga-tehnikas\/","title":{"rendered":"PDF gr\u0101mata \u201cKou\u010dinga tehnikas\u201d"},"content":{"rendered":"<p>Person\u012bg\u0101 att\u012bst\u012bba ir sp\u0113c\u012bgs process, kas var nodro\u0161in\u0101t dzi\u013cas pozit\u012bvas un ilgsto\u0161as p\u0101rmai\u0146as taj\u0101, k\u0101 m\u0113s redzam sevi un pasauli. Cilv\u0113kiem, kuri nodarbojas ar person\u012bgo izaugsmi, vai profesion\u0101\u013ciem, kuri pal\u012bdz citiem to dar\u012bt ekolo\u0123isk\u0101 veid\u0101, ik pa laikam n\u0101kas mekl\u0113t jaunas metodes, lai turpin\u0101tu veiksm\u012bgi ies\u0101kto.<\/p>\n<p>Kou\u010dings k\u0101 individu\u0101lais, komandu un biznesa izaugsmes r\u012bks jau ir ie\u0146\u0113mis sp\u0113c\u012bgu poz\u012bciju biznesa vid\u0113 un turpina att\u012bst\u012bties da\u017e\u0101dos virzienos. Kou\u010dinga instrumentu galvenais uzdevums ir atbalst\u012bt un pal\u012bdz\u0113t cilv\u0113kiem izprast sevi, atkl\u0101t savus talantus, p\u0101rvar\u0113t uzskatu ierobe\u017eojumus un atrast patieso motiv\u0101ciju, lai spertu pirmo soli vai turpin\u0101tu dar\u012bt.<\/p>\n<p>\u0160aj\u0101 gr\u0101mat\u0101 (pdf form\u0101t\u0101) atrad\u012bsi 107 kou\u010dinga tehnikas, ko izmantot da\u017e\u0101d\u0101s jom\u0101s un jaut\u0101jumos: no pa\u0161kou\u010dinga un l\u012bdz pat biznesa tehnik\u0101m un darbam ar komand\u0101m.<\/p>\n<p>&nbsp;<\/p>\n<p>Savu gr\u0101matas pdf failu sa\u0146emsi uz e-pastu uzreiz p\u0113c apmaksas veik\u0161anas.<\/p>\n<p>Izdevuma ISBN<span class=\"Apple-converted-space\">\u00a0 <\/span>978-9934-9314-6-8<\/p>\n","protected":false},"excerpt":{"rendered":"<p>Pdf form\u0101ta gr\u0101mata ar 107 kou\u010dinga tehnik\u0101m, ko izmantot da\u017e\u0101d\u0101s jom\u0101s un jaut\u0101jumos: no pa\u0161kou\u010dinga un l\u012bdz pat biznesa tehnik\u0101m un darbam ar komand\u0101m.<\/p>\n","protected":false},"featured_media":12586,"template":"","meta":{"_acf_changed":false,"site-sidebar-layout":"default","site-content-layout":"","ast-site-content-layout":"default","site-content-style":"default","site-sidebar-style":"default","ast-global-header-display":"","ast-banner-title-visibility":"","ast-main-header-display":"","ast-hfb-above-header-display":"","ast-hfb-below-header-display":"","ast-hfb-mobile-header-display":"","site-post-title":"","ast-breadcrumbs-content":"","ast-featured-img":"","footer-sml-layout":"","ast-disable-related-posts":"","theme-transparent-header-meta":"default","adv-header-id-meta":"","stick-header-meta":"default","header-above-stick-meta":"","header-main-stick-meta":"","header-below-stick-meta":"","astra-migrate-meta-layouts":"set","ast-page-background-enabled":"default","ast-page-background-meta":{"desktop":{"background-color":"","background-image":"","background-repeat":"repeat","background-position":"center center","background-size":"auto","background-attachment":"scroll","background-type":"","background-media":"","overlay-type":"","overlay-color":"","overlay-opacity":"","overlay-gradient":""},"tablet":{"background-color":"","background-image":"","background-repeat":"repeat","background-position":"center center","background-size":"auto","background-attachment":"scroll","background-type":"","background-media":"","overlay-type":"","overlay-color":"","overlay-opacity":"","overlay-gradient":""},"mobile":{"background-color":"","background-image":"","background-repeat":"repeat","background-position":"center center","background-size":"auto","background-attachment":"scroll","background-type":"","background-media":"","overlay-type":"","overlay-color":"","overlay-opacity":"","overlay-gradient":""}},"ast-content-background-meta":{"desktop":{"background-color":"var(--ast-global-color-5)","background-image":"","background-repeat":"repeat","background-position":"center center","background-size":"auto","background-attachment":"scroll","background-type":"","background-media":"","overlay-type":"","overlay-color":"","overlay-opacity":"","overlay-gradient":""},"tablet":{"background-color":"var(--ast-global-color-5)","background-image":"","background-repeat":"repeat","background-position":"center center","background-size":"auto","background-attachment":"scroll","background-type":"","background-media":"","overlay-type":"","overlay-color":"","overlay-opacity":"","overlay-gradient":""},"mobile":{"background-color":"var(--ast-global-color-5)","background-image":"","background-repeat":"repeat","background-position":"center center","background-size":"auto","background-attachment":"scroll","background-type":"","background-media":"","overlay-type":"","overlay-color":"","overlay-opacity":"","overlay-gradient":""}},"_price":"20","_stock":"","_tribe_ticket_header":"","_tribe_default_ticket_provider":"","_tribe_ticket_capacity":"0","_ticket_start_date":"","_ticket_end_date":"","_tribe_ticket_show_description":"","_tribe_ticket_show_not_going":false,"_tribe_ticket_use_global_stock":"","_tribe_ticket_global_stock_level":"","_global_stock_mode":"","_global_stock_cap":"","_tribe_rsvp_for_event":"","_tribe_ticket_going_count":"","_tribe_ticket_not_going_count":"","_tribe_tickets_list":"[]","_tribe_ticket_has_attendee_info_fields":false,"_tec_slr_enabled":"","_tec_slr_layout":""},"product_brand":[],"product_cat":[1017],"product_tag":[1292,1241],"class_list":{"0":"post-12585","1":"product","2":"type-product","3":"status-publish","4":"has-post-thumbnail","6":"product_cat-gramatas","7":"product_tag-koucinga-tehnikas","8":"product_tag-koucings","9":"desktop-align-left","10":"tablet-align-left","11":"mobile-align-left","12":"ast-product-gallery-layout-horizontal-slider","13":"ast-product-tabs-layout-horizontal","15":"first","16":"instock","17":"downloadable","18":"virtual","19":"taxable","20":"purchasable","21":"product-type-simple"},"acf":[],"yoast_head":"<!-- This site is optimized with the Yoast SEO Premium plugin v27.4 (Yoast SEO v27.4) - https:\/\/yoast.com\/product\/yoast-seo-premium-wordpress\/ -->\n<title>PDF gr\u0101mata \u201cKou\u010dinga tehnikas\u201d - MetaCoach<\/title>\n<meta name=\"description\" content=\"Pdf form\u0101ta gr\u0101mata ar 107 kou\u010dinga tehnik\u0101m, ko izmantot da\u017e\u0101d\u0101s jom\u0101s un jaut\u0101jumos: no pa\u0161kou\u010dinga un l\u012bdz pat biznesa tehnik\u0101m un darbam ar komand\u0101m.\" \/>\n<meta name=\"robots\" content=\"index, follow, max-snippet:-1, max-image-preview:large, max-video-preview:-1\" \/>\n<link rel=\"canonical\" href=\"https:\/\/metacoach.lv\/product\/pdf-gramata-koucinga-tehnikas\/\" \/>\n<meta property=\"og:locale\" content=\"ru_RU\" \/>\n<meta property=\"og:type\" content=\"article\" \/>\n<meta property=\"og:title\" content=\"PDF gr\u0101mata \u201cKou\u010dinga tehnikas\u201d\" \/>\n<meta property=\"og:description\" content=\"Pdf form\u0101ta gr\u0101mata ar 107 kou\u010dinga tehnik\u0101m, ko izmantot da\u017e\u0101d\u0101s jom\u0101s un jaut\u0101jumos: no pa\u0161kou\u010dinga un l\u012bdz pat biznesa tehnik\u0101m un darbam ar komand\u0101m.\" \/>\n<meta property=\"og:url\" content=\"https:\/\/metacoach.lv\/product\/pdf-gramata-koucinga-tehnikas\/\" \/>\n<meta property=\"og:site_name\" content=\"MetaCoach\" \/>\n<meta property=\"article:publisher\" content=\"https:\/\/www.facebook.com\/APCLatvija\/\" \/>\n<meta property=\"article:modified_time\" content=\"2025-11-24T15:06:58+00:00\" \/>\n<meta property=\"og:image\" content=\"https:\/\/metacoach.lv\/wp-content\/uploads\/2025\/11\/1-1.jpg\" \/>\n\t<meta property=\"og:image:width\" content=\"1200\" \/>\n\t<meta property=\"og:image:height\" content=\"1200\" \/>\n\t<meta property=\"og:image:type\" content=\"image\/jpeg\" \/>\n<meta name=\"twitter:card\" content=\"summary_large_image\" \/>\n<meta name=\"twitter:label1\" content=\"\u041f\u0440\u0438\u043c\u0435\u0440\u043d\u043e\u0435 \u0432\u0440\u0435\u043c\u044f \u0434\u043b\u044f \u0447\u0442\u0435\u043d\u0438\u044f\" \/>\n\t<meta name=\"twitter:data1\" content=\"1 \u043c\u0438\u043d\u0443\u0442\u0430\" \/>\n<script type=\"application\/ld+json\" class=\"yoast-schema-graph\">{\"@context\":\"https:\\\/\\\/schema.org\",\"@graph\":[{\"@type\":\"WebPage\",\"@id\":\"https:\\\/\\\/metacoach.lv\\\/product\\\/pdf-gramata-koucinga-tehnikas\\\/\",\"url\":\"https:\\\/\\\/metacoach.lv\\\/product\\\/pdf-gramata-koucinga-tehnikas\\\/\",\"name\":\"PDF gr\u0101mata \u201cKou\u010dinga tehnikas\u201d - MetaCoach\",\"isPartOf\":{\"@id\":\"https:\\\/\\\/metacoach.lv\\\/#website\"},\"primaryImageOfPage\":{\"@id\":\"https:\\\/\\\/metacoach.lv\\\/product\\\/pdf-gramata-koucinga-tehnikas\\\/#primaryimage\"},\"image\":{\"@id\":\"https:\\\/\\\/metacoach.lv\\\/product\\\/pdf-gramata-koucinga-tehnikas\\\/#primaryimage\"},\"thumbnailUrl\":\"https:\\\/\\\/metacoach.lv\\\/wp-content\\\/uploads\\\/2025\\\/11\\\/1-1.jpg\",\"datePublished\":\"2025-11-24T14:54:37+00:00\",\"dateModified\":\"2025-11-24T15:06:58+00:00\",\"description\":\"Pdf form\u0101ta gr\u0101mata ar 107 kou\u010dinga tehnik\u0101m, ko izmantot da\u017e\u0101d\u0101s jom\u0101s un jaut\u0101jumos: no pa\u0161kou\u010dinga un l\u012bdz pat biznesa tehnik\u0101m un darbam ar komand\u0101m.\",\"breadcrumb\":{\"@id\":\"https:\\\/\\\/metacoach.lv\\\/product\\\/pdf-gramata-koucinga-tehnikas\\\/#breadcrumb\"},\"inLanguage\":\"ru-RU\",\"potentialAction\":[{\"@type\":\"ReadAction\",\"target\":[\"https:\\\/\\\/metacoach.lv\\\/product\\\/pdf-gramata-koucinga-tehnikas\\\/\"]}]},{\"@type\":\"ImageObject\",\"inLanguage\":\"ru-RU\",\"@id\":\"https:\\\/\\\/metacoach.lv\\\/product\\\/pdf-gramata-koucinga-tehnikas\\\/#primaryimage\",\"url\":\"https:\\\/\\\/metacoach.lv\\\/wp-content\\\/uploads\\\/2025\\\/11\\\/1-1.jpg\",\"contentUrl\":\"https:\\\/\\\/metacoach.lv\\\/wp-content\\\/uploads\\\/2025\\\/11\\\/1-1.jpg\",\"width\":1200,\"height\":1200,\"caption\":\"Pdf gr\u0101mata \\\"Kou\u010dinga tehnikas\\\"\"},{\"@type\":\"BreadcrumbList\",\"@id\":\"https:\\\/\\\/metacoach.lv\\\/product\\\/pdf-gramata-koucinga-tehnikas\\\/#breadcrumb\",\"itemListElement\":[{\"@type\":\"ListItem\",\"position\":1,\"name\":\"\u0413\u043b\u0430\u0432\u043d\u0430\u044f\",\"item\":\"https:\\\/\\\/metacoach.lv\\\/ru\\\/\"},{\"@type\":\"ListItem\",\"position\":2,\"name\":\"Veikals\",\"item\":\"https:\\\/\\\/metacoach.lv\\\/veikals\\\/\"},{\"@type\":\"ListItem\",\"position\":3,\"name\":\"PDF gr\u0101mata \u201cKou\u010dinga tehnikas\u201d\"}]},{\"@type\":\"WebSite\",\"@id\":\"https:\\\/\\\/metacoach.lv\\\/#website\",\"url\":\"https:\\\/\\\/metacoach.lv\\\/\",\"name\":\"MetaCoach\",\"description\":\"Profesion\u0101lo kou\u010du  un l\u012bder\u012bbas apm\u0101c\u012bbas\",\"publisher\":{\"@id\":\"https:\\\/\\\/metacoach.lv\\\/#organization\"},\"potentialAction\":[{\"@type\":\"SearchAction\",\"target\":{\"@type\":\"EntryPoint\",\"urlTemplate\":\"https:\\\/\\\/metacoach.lv\\\/?s={search_term_string}\"},\"query-input\":{\"@type\":\"PropertyValueSpecification\",\"valueRequired\":true,\"valueName\":\"search_term_string\"}}],\"inLanguage\":\"ru-RU\"},{\"@type\":\"Organization\",\"@id\":\"https:\\\/\\\/metacoach.lv\\\/#organization\",\"name\":\"MetaCoach\",\"url\":\"https:\\\/\\\/metacoach.lv\\\/\",\"logo\":{\"@type\":\"ImageObject\",\"inLanguage\":\"ru-RU\",\"@id\":\"https:\\\/\\\/metacoach.lv\\\/#\\\/schema\\\/logo\\\/image\\\/\",\"url\":\"https:\\\/\\\/metacoach.lv\\\/wp-content\\\/uploads\\\/2021\\\/12\\\/logo-color.png\",\"contentUrl\":\"https:\\\/\\\/metacoach.lv\\\/wp-content\\\/uploads\\\/2021\\\/12\\\/logo-color.png\",\"width\":256,\"height\":70,\"caption\":\"MetaCoach\"},\"image\":{\"@id\":\"https:\\\/\\\/metacoach.lv\\\/#\\\/schema\\\/logo\\\/image\\\/\"},\"sameAs\":[\"https:\\\/\\\/www.facebook.com\\\/APCLatvija\\\/\",\"https:\\\/\\\/www.instagram.com\\\/metacoach_center\\\/\",\"https:\\\/\\\/www.linkedin.com\\\/company\\\/18811529\\\/admin\\\/\",\"https:\\\/\\\/www.youtube.com\\\/channel\\\/UCBxxPZTVu8s38tl-rmo6xAA\\\/\"]}]}<\/script>\n<!-- \/ Yoast SEO Premium plugin. -->","yoast_head_json":{"title":"PDF gr\u0101mata \u201cKou\u010dinga tehnikas\u201d - MetaCoach","description":"Pdf form\u0101ta gr\u0101mata ar 107 kou\u010dinga tehnik\u0101m, ko izmantot da\u017e\u0101d\u0101s jom\u0101s un jaut\u0101jumos: no pa\u0161kou\u010dinga un l\u012bdz pat biznesa tehnik\u0101m un darbam ar komand\u0101m.","robots":{"index":"index","follow":"follow","max-snippet":"max-snippet:-1","max-image-preview":"max-image-preview:large","max-video-preview":"max-video-preview:-1"},"canonical":"https:\/\/metacoach.lv\/product\/pdf-gramata-koucinga-tehnikas\/","og_locale":"ru_RU","og_type":"article","og_title":"PDF gr\u0101mata \u201cKou\u010dinga tehnikas\u201d","og_description":"Pdf form\u0101ta gr\u0101mata ar 107 kou\u010dinga tehnik\u0101m, ko izmantot da\u017e\u0101d\u0101s jom\u0101s un jaut\u0101jumos: no pa\u0161kou\u010dinga un l\u012bdz pat biznesa tehnik\u0101m un darbam ar komand\u0101m.","og_url":"https:\/\/metacoach.lv\/product\/pdf-gramata-koucinga-tehnikas\/","og_site_name":"MetaCoach","article_publisher":"https:\/\/www.facebook.com\/APCLatvija\/","article_modified_time":"2025-11-24T15:06:58+00:00","og_image":[{"width":1200,"height":1200,"url":"https:\/\/metacoach.lv\/wp-content\/uploads\/2025\/11\/1-1.jpg","type":"image\/jpeg"}],"twitter_card":"summary_large_image","twitter_misc":{"\u041f\u0440\u0438\u043c\u0435\u0440\u043d\u043e\u0435 \u0432\u0440\u0435\u043c\u044f \u0434\u043b\u044f \u0447\u0442\u0435\u043d\u0438\u044f":"1 \u043c\u0438\u043d\u0443\u0442\u0430"},"schema":{"@context":"https:\/\/schema.org","@graph":[{"@type":"WebPage","@id":"https:\/\/metacoach.lv\/product\/pdf-gramata-koucinga-tehnikas\/","url":"https:\/\/metacoach.lv\/product\/pdf-gramata-koucinga-tehnikas\/","name":"PDF gr\u0101mata \u201cKou\u010dinga tehnikas\u201d - MetaCoach","isPartOf":{"@id":"https:\/\/metacoach.lv\/#website"},"primaryImageOfPage":{"@id":"https:\/\/metacoach.lv\/product\/pdf-gramata-koucinga-tehnikas\/#primaryimage"},"image":{"@id":"https:\/\/metacoach.lv\/product\/pdf-gramata-koucinga-tehnikas\/#primaryimage"},"thumbnailUrl":"https:\/\/metacoach.lv\/wp-content\/uploads\/2025\/11\/1-1.jpg","datePublished":"2025-11-24T14:54:37+00:00","dateModified":"2025-11-24T15:06:58+00:00","description":"Pdf form\u0101ta gr\u0101mata ar 107 kou\u010dinga tehnik\u0101m, ko izmantot da\u017e\u0101d\u0101s jom\u0101s un jaut\u0101jumos: no pa\u0161kou\u010dinga un l\u012bdz pat biznesa tehnik\u0101m un darbam ar komand\u0101m.","breadcrumb":{"@id":"https:\/\/metacoach.lv\/product\/pdf-gramata-koucinga-tehnikas\/#breadcrumb"},"inLanguage":"ru-RU","potentialAction":[{"@type":"ReadAction","target":["https:\/\/metacoach.lv\/product\/pdf-gramata-koucinga-tehnikas\/"]}]},{"@type":"ImageObject","inLanguage":"ru-RU","@id":"https:\/\/metacoach.lv\/product\/pdf-gramata-koucinga-tehnikas\/#primaryimage","url":"https:\/\/metacoach.lv\/wp-content\/uploads\/2025\/11\/1-1.jpg","contentUrl":"https:\/\/metacoach.lv\/wp-content\/uploads\/2025\/11\/1-1.jpg","width":1200,"height":1200,"caption":"Pdf gr\u0101mata \"Kou\u010dinga tehnikas\""},{"@type":"BreadcrumbList","@id":"https:\/\/metacoach.lv\/product\/pdf-gramata-koucinga-tehnikas\/#breadcrumb","itemListElement":[{"@type":"ListItem","position":1,"name":"\u0413\u043b\u0430\u0432\u043d\u0430\u044f","item":"https:\/\/metacoach.lv\/ru\/"},{"@type":"ListItem","position":2,"name":"Veikals","item":"https:\/\/metacoach.lv\/veikals\/"},{"@type":"ListItem","position":3,"name":"PDF gr\u0101mata \u201cKou\u010dinga tehnikas\u201d"}]},{"@type":"WebSite","@id":"https:\/\/metacoach.lv\/#website","url":"https:\/\/metacoach.lv\/","name":"MetaCoach","description":"Profesion\u0101lo kou\u010du  un l\u012bder\u012bbas apm\u0101c\u012bbas","publisher":{"@id":"https:\/\/metacoach.lv\/#organization"},"potentialAction":[{"@type":"SearchAction","target":{"@type":"EntryPoint","urlTemplate":"https:\/\/metacoach.lv\/?s={search_term_string}"},"query-input":{"@type":"PropertyValueSpecification","valueRequired":true,"valueName":"search_term_string"}}],"inLanguage":"ru-RU"},{"@type":"Organization","@id":"https:\/\/metacoach.lv\/#organization","name":"MetaCoach","url":"https:\/\/metacoach.lv\/","logo":{"@type":"ImageObject","inLanguage":"ru-RU","@id":"https:\/\/metacoach.lv\/#\/schema\/logo\/image\/","url":"https:\/\/metacoach.lv\/wp-content\/uploads\/2021\/12\/logo-color.png","contentUrl":"https:\/\/metacoach.lv\/wp-content\/uploads\/2021\/12\/logo-color.png","width":256,"height":70,"caption":"MetaCoach"},"image":{"@id":"https:\/\/metacoach.lv\/#\/schema\/logo\/image\/"},"sameAs":["https:\/\/www.facebook.com\/APCLatvija\/","https:\/\/www.instagram.com\/metacoach_center\/","https:\/\/www.linkedin.com\/company\/18811529\/admin\/","https:\/\/www.youtube.com\/channel\/UCBxxPZTVu8s38tl-rmo6xAA\/"]}]}},"_links":{"self":[{"href":"https:\/\/metacoach.lv\/ru\/wp-json\/wp\/v2\/product\/12585","targetHints":{"allow":["GET"]}}],"collection":[{"href":"https:\/\/metacoach.lv\/ru\/wp-json\/wp\/v2\/product"}],"about":[{"href":"https:\/\/metacoach.lv\/ru\/wp-json\/wp\/v2\/types\/product"}],"wp:featuredmedia":[{"embeddable":true,"href":"https:\/\/metacoach.lv\/ru\/wp-json\/wp\/v2\/media\/12586"}],"wp:attachment":[{"href":"https:\/\/metacoach.lv\/ru\/wp-json\/wp\/v2\/media?parent=12585"}],"wp:term":[{"taxonomy":"product_brand","embeddable":true,"href":"https:\/\/metacoach.lv\/ru\/wp-json\/wp\/v2\/product_brand?post=12585"},{"taxonomy":"product_cat","embeddable":true,"href":"https:\/\/metacoach.lv\/ru\/wp-json\/wp\/v2\/product_cat?post=12585"},{"taxonomy":"product_tag","embeddable":true,"href":"https:\/\/metacoach.lv\/ru\/wp-json\/wp\/v2\/product_tag?post=12585"}],"curies":[{"name":"wp","href":"https:\/\/api.w.org\/{rel}","templated":true}]}}