{"id":11961,"date":"2025-07-23T15:04:40","date_gmt":"2025-07-23T15:04:40","guid":{"rendered":"https:\/\/metacoach.lv\/?post_type=product&#038;p=11961"},"modified":"2025-12-19T14:53:52","modified_gmt":"2025-12-19T14:53:52","slug":"rokas-gramatina-mak","status":"publish","type":"product","link":"https:\/\/metacoach.lv\/ru\/product\/rokas-gramatina-mak\/","title":{"rendered":"&#171;Rokas&#187; &#8212; gr\u0101mati\u0146a + MAK"},"content":{"rendered":"<p style=\"font-weight: 400;\"><strong>Gr\u0101mati\u0146a &#171;Rokas&#187; ir praktisks ce\u013cvedis pa\u0161izzi\u0146ai, rado\u0161uma att\u012bst\u012b\u0161anai un iek\u0161\u0113jo resursu apzin\u0101\u0161anai<\/strong>, izmantojot asociat\u012bvi metaforisk\u0101s karti\u0146as. T\u0101 pied\u0101v\u0101 daudzveid\u012bgas un iedarb\u012bgas metodes, kas pal\u012bdz izprast savus sp\u0113ka avotus, robe\u017eas un iesp\u0113jas. Gr\u0101mat\u0101 aprakst\u012btas pieejas darbam ar karti\u0146\u0101m gan individu\u0101laj\u0101 izp\u0113t\u0113, gan grupu proces\u0101, kou\u010dinga un att\u012bst\u012bbas sarun\u0101s. Taj\u0101 iek\u013cauti konkr\u0113ti vingrin\u0101jumi, kou\u010dinga jaut\u0101jumi un struktur\u0113tas tehnikas, kas \u013cauj atkl\u0101t iek\u0161\u0113jos \u0161\u0137\u0113r\u0161\u013cus, p\u0101rveidot tos par iesp\u0113j\u0101m un aktiviz\u0113t resursus m\u0113r\u0137u sasnieg\u0161anai.<\/p>\n<p style=\"font-weight: 400;\">&#171;Rokas&#187; ir v\u0113rt\u012bgs resurss gan cilv\u0113kiem, kas v\u0113las dzi\u013c\u0101k saprast sevi, gan profesion\u0101\u013ciem \u2013 kou\u010diem, psihologiem, supervizoriem un citiem att\u012bst\u012bbas jomas speci\u0101listiem, kas mekl\u0113 jaunas pieejas darb\u0101 ar klientiem.<\/p>\n<p style=\"font-weight: 400;\"><strong>Komplekt\u0101 ietilpst ar\u012b 81 asociat\u012bvi metaforisk\u0101 karti\u0146a &#171;Rokas&#187;, kas kalpo k\u0101 simbolisks un sp\u0113c\u012bgs instruments darbam ar intu\u012bciju, pieredzi un zemapzi\u0146u.<\/strong><\/p>\n<p>&nbsp;<\/p>\n<p>Ja gad\u012bjum\u0101 v\u0113laties ieg\u0101d\u0101ties \u0161o komplektu uz firmas rekviz\u012btiem vai ar\u012b vienoties par liel\u0101ka daudzuma atlaid\u0113m, l\u016bdzu sazinieties ar mums, rakstot zi\u0146u uz <a href=\"mailto:info@metacoach.lv\">info@metacoach.lv<\/a>.<\/p>\n<p>&nbsp;<\/p>\n<div id='gallery-1' class='gallery galleryid-11961 gallery-columns-4 gallery-size-large'><figure class='gallery-item'>\n\t\t\t<div class='gallery-icon landscape'>\n\t\t\t\t<img fetchpriority=\"high\" decoding=\"async\" width=\"1024\" height=\"1024\" src=\"https:\/\/metacoach.lv\/wp-content\/uploads\/2025\/07\/2-1-1024x1024.jpg\" class=\"attachment-large size-large\" alt=\"\" srcset=\"https:\/\/metacoach.lv\/wp-content\/uploads\/2025\/07\/2-1-1024x1024.jpg 1024w, https:\/\/metacoach.lv\/wp-content\/uploads\/2025\/07\/2-1-300x300.jpg 300w, https:\/\/metacoach.lv\/wp-content\/uploads\/2025\/07\/2-1-150x150.jpg 150w, https:\/\/metacoach.lv\/wp-content\/uploads\/2025\/07\/2-1-768x768.jpg 768w, https:\/\/metacoach.lv\/wp-content\/uploads\/2025\/07\/2-1-600x600.jpg 600w, https:\/\/metacoach.lv\/wp-content\/uploads\/2025\/07\/2-1-100x100.jpg 100w, https:\/\/metacoach.lv\/wp-content\/uploads\/2025\/07\/2-1.jpg 1200w\" sizes=\"(max-width: 1024px) 100vw, 1024px\" \/>\n\t\t\t<\/div><\/figure><figure class='gallery-item'>\n\t\t\t<div class='gallery-icon landscape'>\n\t\t\t\t<img decoding=\"async\" width=\"1024\" height=\"1024\" src=\"https:\/\/metacoach.lv\/wp-content\/uploads\/2025\/07\/3-1-1024x1024.jpg\" class=\"attachment-large size-large\" alt=\"\" srcset=\"https:\/\/metacoach.lv\/wp-content\/uploads\/2025\/07\/3-1-1024x1024.jpg 1024w, https:\/\/metacoach.lv\/wp-content\/uploads\/2025\/07\/3-1-300x300.jpg 300w, https:\/\/metacoach.lv\/wp-content\/uploads\/2025\/07\/3-1-150x150.jpg 150w, https:\/\/metacoach.lv\/wp-content\/uploads\/2025\/07\/3-1-768x768.jpg 768w, https:\/\/metacoach.lv\/wp-content\/uploads\/2025\/07\/3-1-600x600.jpg 600w, https:\/\/metacoach.lv\/wp-content\/uploads\/2025\/07\/3-1-100x100.jpg 100w, https:\/\/metacoach.lv\/wp-content\/uploads\/2025\/07\/3-1.jpg 1200w\" sizes=\"(max-width: 1024px) 100vw, 1024px\" \/>\n\t\t\t<\/div><\/figure><figure class='gallery-item'>\n\t\t\t<div class='gallery-icon landscape'>\n\t\t\t\t<img decoding=\"async\" width=\"1024\" height=\"1024\" src=\"https:\/\/metacoach.lv\/wp-content\/uploads\/2025\/07\/4-1-1024x1024.jpg\" class=\"attachment-large size-large\" alt=\"\" srcset=\"https:\/\/metacoach.lv\/wp-content\/uploads\/2025\/07\/4-1-1024x1024.jpg 1024w, https:\/\/metacoach.lv\/wp-content\/uploads\/2025\/07\/4-1-300x300.jpg 300w, https:\/\/metacoach.lv\/wp-content\/uploads\/2025\/07\/4-1-150x150.jpg 150w, https:\/\/metacoach.lv\/wp-content\/uploads\/2025\/07\/4-1-768x768.jpg 768w, https:\/\/metacoach.lv\/wp-content\/uploads\/2025\/07\/4-1-600x600.jpg 600w, https:\/\/metacoach.lv\/wp-content\/uploads\/2025\/07\/4-1-100x100.jpg 100w, https:\/\/metacoach.lv\/wp-content\/uploads\/2025\/07\/4-1.jpg 1200w\" sizes=\"(max-width: 1024px) 100vw, 1024px\" \/>\n\t\t\t<\/div><\/figure><figure class='gallery-item'>\n\t\t\t<div class='gallery-icon landscape'>\n\t\t\t\t<img loading=\"lazy\" decoding=\"async\" width=\"1024\" height=\"1024\" src=\"https:\/\/metacoach.lv\/wp-content\/uploads\/2025\/07\/5-1-1024x1024.jpg\" class=\"attachment-large size-large\" alt=\"\" srcset=\"https:\/\/metacoach.lv\/wp-content\/uploads\/2025\/07\/5-1-1024x1024.jpg 1024w, https:\/\/metacoach.lv\/wp-content\/uploads\/2025\/07\/5-1-300x300.jpg 300w, https:\/\/metacoach.lv\/wp-content\/uploads\/2025\/07\/5-1-150x150.jpg 150w, https:\/\/metacoach.lv\/wp-content\/uploads\/2025\/07\/5-1-768x768.jpg 768w, https:\/\/metacoach.lv\/wp-content\/uploads\/2025\/07\/5-1-600x600.jpg 600w, https:\/\/metacoach.lv\/wp-content\/uploads\/2025\/07\/5-1-100x100.jpg 100w, https:\/\/metacoach.lv\/wp-content\/uploads\/2025\/07\/5-1.jpg 1200w\" sizes=\"(max-width: 1024px) 100vw, 1024px\" \/>\n\t\t\t<\/div><\/figure>\n\t\t<\/div>\n\n","protected":false},"excerpt":{"rendered":"<p class=\"Default\">Gr\u0101mati\u0146a ar metod\u0113m un jaut\u0101jumiem rado\u0161uma att\u012bst\u012b\u0161anai un iek\u0161\u0113jo resursu apzin\u0101\u0161anai. Komplekt\u0101 ietilpst 81 asociat\u012bvi metaforisk\u0101 kart\u012bte \u201cRokas\u201d.<\/p>\n","protected":false},"featured_media":11962,"template":"","meta":{"_acf_changed":false,"site-sidebar-layout":"default","site-content-layout":"","ast-site-content-layout":"default","site-content-style":"default","site-sidebar-style":"default","ast-global-header-display":"","ast-banner-title-visibility":"","ast-main-header-display":"","ast-hfb-above-header-display":"","ast-hfb-below-header-display":"","ast-hfb-mobile-header-display":"","site-post-title":"","ast-breadcrumbs-content":"","ast-featured-img":"","footer-sml-layout":"","ast-disable-related-posts":"","theme-transparent-header-meta":"default","adv-header-id-meta":"","stick-header-meta":"default","header-above-stick-meta":"","header-main-stick-meta":"","header-below-stick-meta":"","astra-migrate-meta-layouts":"set","ast-page-background-enabled":"default","ast-page-background-meta":{"desktop":{"background-color":"","background-image":"","background-repeat":"repeat","background-position":"center center","background-size":"auto","background-attachment":"scroll","background-type":"","background-media":"","overlay-type":"","overlay-color":"","overlay-opacity":"","overlay-gradient":""},"tablet":{"background-color":"","background-image":"","background-repeat":"repeat","background-position":"center center","background-size":"auto","background-attachment":"scroll","background-type":"","background-media":"","overlay-type":"","overlay-color":"","overlay-opacity":"","overlay-gradient":""},"mobile":{"background-color":"","background-image":"","background-repeat":"repeat","background-position":"center center","background-size":"auto","background-attachment":"scroll","background-type":"","background-media":"","overlay-type":"","overlay-color":"","overlay-opacity":"","overlay-gradient":""}},"ast-content-background-meta":{"desktop":{"background-color":"var(--ast-global-color-5)","background-image":"","background-repeat":"repeat","background-position":"center center","background-size":"auto","background-attachment":"scroll","background-type":"","background-media":"","overlay-type":"","overlay-color":"","overlay-opacity":"","overlay-gradient":""},"tablet":{"background-color":"var(--ast-global-color-5)","background-image":"","background-repeat":"repeat","background-position":"center center","background-size":"auto","background-attachment":"scroll","background-type":"","background-media":"","overlay-type":"","overlay-color":"","overlay-opacity":"","overlay-gradient":""},"mobile":{"background-color":"var(--ast-global-color-5)","background-image":"","background-repeat":"repeat","background-position":"center center","background-size":"auto","background-attachment":"scroll","background-type":"","background-media":"","overlay-type":"","overlay-color":"","overlay-opacity":"","overlay-gradient":""}},"_price":"35","_stock":"","_tribe_ticket_header":"","_tribe_default_ticket_provider":"","_tribe_ticket_capacity":"0","_ticket_start_date":"","_ticket_end_date":"","_tribe_ticket_show_description":"","_tribe_ticket_show_not_going":false,"_tribe_ticket_use_global_stock":"","_tribe_ticket_global_stock_level":"","_global_stock_mode":"","_global_stock_cap":"","_tribe_rsvp_for_event":"","_tribe_ticket_going_count":"","_tribe_ticket_not_going_count":"","_tribe_tickets_list":"[]","_tribe_ticket_has_attendee_info_fields":false,"_tec_slr_enabled":"","_tec_slr_layout":""},"product_brand":[],"product_cat":[1017,1018],"product_tag":[1094,1218,1219,1216,1217],"class_list":{"0":"post-11961","1":"product","2":"type-product","3":"status-publish","4":"has-post-thumbnail","6":"product_cat-gramatas","7":"product_cat-kartinas","8":"product_tag-asociativi-metaforiskas-kartites","9":"product_tag-darbs-identitates-limeni","10":"product_tag-lomas-mana-dzive","11":"product_tag-pasizzina","12":"product_tag-personiga-attistiba","13":"desktop-align-left","14":"tablet-align-left","15":"mobile-align-left","16":"ast-product-gallery-layout-horizontal-slider","17":"ast-product-tabs-layout-horizontal","19":"first","20":"instock","21":"taxable","22":"shipping-taxable","23":"purchasable","24":"product-type-simple"},"acf":[],"yoast_head":"<!-- This site is optimized with the Yoast SEO Premium plugin v27.4 (Yoast SEO v27.4) - https:\/\/yoast.com\/product\/yoast-seo-premium-wordpress\/ -->\n<title>&quot;Rokas&quot; - gr\u0101mati\u0146a + MAK - MetaCoach<\/title>\n<meta name=\"description\" content=\"Gr\u0101mati\u0146a ar metod\u0113m un jaut\u0101jumiem rado\u0161uma att\u012bst\u012b\u0161anai un iek\u0161\u0113jo resursu apzin\u0101\u0161anai. Komplekt\u0101 ietilpst 81 asociat\u012bvi metaforisk\u0101 kart\u012bte \u201cRokas\u201d. Ieskaties!\" \/>\n<meta name=\"robots\" content=\"index, follow, max-snippet:-1, max-image-preview:large, max-video-preview:-1\" \/>\n<link rel=\"canonical\" href=\"https:\/\/metacoach.lv\/product\/rokas-gramatina-mak\/\" \/>\n<meta property=\"og:locale\" content=\"ru_RU\" \/>\n<meta property=\"og:type\" content=\"article\" \/>\n<meta property=\"og:title\" content=\"&quot;Rokas&quot; - gr\u0101mati\u0146a + MAK\" \/>\n<meta property=\"og:description\" content=\"Gr\u0101mati\u0146a ar metod\u0113m un jaut\u0101jumiem rado\u0161uma att\u012bst\u012b\u0161anai un iek\u0161\u0113jo resursu apzin\u0101\u0161anai. Komplekt\u0101 ietilpst 81 asociat\u012bvi metaforisk\u0101 kart\u012bte \u201cRokas\u201d. Ieskaties!\" \/>\n<meta property=\"og:url\" content=\"https:\/\/metacoach.lv\/product\/rokas-gramatina-mak\/\" \/>\n<meta property=\"og:site_name\" content=\"MetaCoach\" \/>\n<meta property=\"article:publisher\" content=\"https:\/\/www.facebook.com\/APCLatvija\/\" \/>\n<meta property=\"article:modified_time\" content=\"2025-12-19T14:53:52+00:00\" \/>\n<meta property=\"og:image\" content=\"https:\/\/metacoach.lv\/wp-content\/uploads\/2025\/07\/1-1.jpg\" \/>\n\t<meta property=\"og:image:width\" content=\"1200\" \/>\n\t<meta property=\"og:image:height\" content=\"1200\" \/>\n\t<meta property=\"og:image:type\" content=\"image\/jpeg\" \/>\n<meta name=\"twitter:card\" content=\"summary_large_image\" \/>\n<meta name=\"twitter:label1\" content=\"\u041f\u0440\u0438\u043c\u0435\u0440\u043d\u043e\u0435 \u0432\u0440\u0435\u043c\u044f \u0434\u043b\u044f \u0447\u0442\u0435\u043d\u0438\u044f\" \/>\n\t<meta name=\"twitter:data1\" content=\"1 \u043c\u0438\u043d\u0443\u0442\u0430\" \/>\n<script type=\"application\/ld+json\" class=\"yoast-schema-graph\">{\"@context\":\"https:\\\/\\\/schema.org\",\"@graph\":[{\"@type\":\"WebPage\",\"@id\":\"https:\\\/\\\/metacoach.lv\\\/product\\\/rokas-gramatina-mak\\\/\",\"url\":\"https:\\\/\\\/metacoach.lv\\\/product\\\/rokas-gramatina-mak\\\/\",\"name\":\"\\\"Rokas\\\" - gr\u0101mati\u0146a + MAK - MetaCoach\",\"isPartOf\":{\"@id\":\"https:\\\/\\\/metacoach.lv\\\/#website\"},\"primaryImageOfPage\":{\"@id\":\"https:\\\/\\\/metacoach.lv\\\/product\\\/rokas-gramatina-mak\\\/#primaryimage\"},\"image\":{\"@id\":\"https:\\\/\\\/metacoach.lv\\\/product\\\/rokas-gramatina-mak\\\/#primaryimage\"},\"thumbnailUrl\":\"https:\\\/\\\/metacoach.lv\\\/wp-content\\\/uploads\\\/2025\\\/07\\\/1-1.jpg\",\"datePublished\":\"2025-07-23T15:04:40+00:00\",\"dateModified\":\"2025-12-19T14:53:52+00:00\",\"description\":\"Gr\u0101mati\u0146a ar metod\u0113m un jaut\u0101jumiem rado\u0161uma att\u012bst\u012b\u0161anai un iek\u0161\u0113jo resursu apzin\u0101\u0161anai. Komplekt\u0101 ietilpst 81 asociat\u012bvi metaforisk\u0101 kart\u012bte \u201cRokas\u201d. Ieskaties!\",\"breadcrumb\":{\"@id\":\"https:\\\/\\\/metacoach.lv\\\/product\\\/rokas-gramatina-mak\\\/#breadcrumb\"},\"inLanguage\":\"ru-RU\",\"potentialAction\":[{\"@type\":\"ReadAction\",\"target\":[\"https:\\\/\\\/metacoach.lv\\\/product\\\/rokas-gramatina-mak\\\/\"]}]},{\"@type\":\"ImageObject\",\"inLanguage\":\"ru-RU\",\"@id\":\"https:\\\/\\\/metacoach.lv\\\/product\\\/rokas-gramatina-mak\\\/#primaryimage\",\"url\":\"https:\\\/\\\/metacoach.lv\\\/wp-content\\\/uploads\\\/2025\\\/07\\\/1-1.jpg\",\"contentUrl\":\"https:\\\/\\\/metacoach.lv\\\/wp-content\\\/uploads\\\/2025\\\/07\\\/1-1.jpg\",\"width\":1200,\"height\":1200,\"caption\":\"Rokas - gr\u0101mata ar metod\u0113m + kart\u012btes\"},{\"@type\":\"BreadcrumbList\",\"@id\":\"https:\\\/\\\/metacoach.lv\\\/product\\\/rokas-gramatina-mak\\\/#breadcrumb\",\"itemListElement\":[{\"@type\":\"ListItem\",\"position\":1,\"name\":\"\u0413\u043b\u0430\u0432\u043d\u0430\u044f\",\"item\":\"https:\\\/\\\/metacoach.lv\\\/ru\\\/\"},{\"@type\":\"ListItem\",\"position\":2,\"name\":\"Veikals\",\"item\":\"https:\\\/\\\/metacoach.lv\\\/veikals\\\/\"},{\"@type\":\"ListItem\",\"position\":3,\"name\":\"&#8220;Rokas&#8221; &#8211; gr\u0101mati\u0146a + MAK\"}]},{\"@type\":\"WebSite\",\"@id\":\"https:\\\/\\\/metacoach.lv\\\/#website\",\"url\":\"https:\\\/\\\/metacoach.lv\\\/\",\"name\":\"MetaCoach\",\"description\":\"Profesion\u0101lo kou\u010du  un l\u012bder\u012bbas apm\u0101c\u012bbas\",\"publisher\":{\"@id\":\"https:\\\/\\\/metacoach.lv\\\/#organization\"},\"potentialAction\":[{\"@type\":\"SearchAction\",\"target\":{\"@type\":\"EntryPoint\",\"urlTemplate\":\"https:\\\/\\\/metacoach.lv\\\/?s={search_term_string}\"},\"query-input\":{\"@type\":\"PropertyValueSpecification\",\"valueRequired\":true,\"valueName\":\"search_term_string\"}}],\"inLanguage\":\"ru-RU\"},{\"@type\":\"Organization\",\"@id\":\"https:\\\/\\\/metacoach.lv\\\/#organization\",\"name\":\"MetaCoach\",\"url\":\"https:\\\/\\\/metacoach.lv\\\/\",\"logo\":{\"@type\":\"ImageObject\",\"inLanguage\":\"ru-RU\",\"@id\":\"https:\\\/\\\/metacoach.lv\\\/#\\\/schema\\\/logo\\\/image\\\/\",\"url\":\"https:\\\/\\\/metacoach.lv\\\/wp-content\\\/uploads\\\/2021\\\/12\\\/logo-color.png\",\"contentUrl\":\"https:\\\/\\\/metacoach.lv\\\/wp-content\\\/uploads\\\/2021\\\/12\\\/logo-color.png\",\"width\":256,\"height\":70,\"caption\":\"MetaCoach\"},\"image\":{\"@id\":\"https:\\\/\\\/metacoach.lv\\\/#\\\/schema\\\/logo\\\/image\\\/\"},\"sameAs\":[\"https:\\\/\\\/www.facebook.com\\\/APCLatvija\\\/\",\"https:\\\/\\\/www.instagram.com\\\/metacoach_center\\\/\",\"https:\\\/\\\/www.linkedin.com\\\/company\\\/18811529\\\/admin\\\/\",\"https:\\\/\\\/www.youtube.com\\\/channel\\\/UCBxxPZTVu8s38tl-rmo6xAA\\\/\"]}]}<\/script>\n<!-- \/ Yoast SEO Premium plugin. -->","yoast_head_json":{"title":"\"Rokas\" - gr\u0101mati\u0146a + MAK - MetaCoach","description":"Gr\u0101mati\u0146a ar metod\u0113m un jaut\u0101jumiem rado\u0161uma att\u012bst\u012b\u0161anai un iek\u0161\u0113jo resursu apzin\u0101\u0161anai. Komplekt\u0101 ietilpst 81 asociat\u012bvi metaforisk\u0101 kart\u012bte \u201cRokas\u201d. Ieskaties!","robots":{"index":"index","follow":"follow","max-snippet":"max-snippet:-1","max-image-preview":"max-image-preview:large","max-video-preview":"max-video-preview:-1"},"canonical":"https:\/\/metacoach.lv\/product\/rokas-gramatina-mak\/","og_locale":"ru_RU","og_type":"article","og_title":"\"Rokas\" - gr\u0101mati\u0146a + MAK","og_description":"Gr\u0101mati\u0146a ar metod\u0113m un jaut\u0101jumiem rado\u0161uma att\u012bst\u012b\u0161anai un iek\u0161\u0113jo resursu apzin\u0101\u0161anai. Komplekt\u0101 ietilpst 81 asociat\u012bvi metaforisk\u0101 kart\u012bte \u201cRokas\u201d. Ieskaties!","og_url":"https:\/\/metacoach.lv\/product\/rokas-gramatina-mak\/","og_site_name":"MetaCoach","article_publisher":"https:\/\/www.facebook.com\/APCLatvija\/","article_modified_time":"2025-12-19T14:53:52+00:00","og_image":[{"width":1200,"height":1200,"url":"https:\/\/metacoach.lv\/wp-content\/uploads\/2025\/07\/1-1.jpg","type":"image\/jpeg"}],"twitter_card":"summary_large_image","twitter_misc":{"\u041f\u0440\u0438\u043c\u0435\u0440\u043d\u043e\u0435 \u0432\u0440\u0435\u043c\u044f \u0434\u043b\u044f \u0447\u0442\u0435\u043d\u0438\u044f":"1 \u043c\u0438\u043d\u0443\u0442\u0430"},"schema":{"@context":"https:\/\/schema.org","@graph":[{"@type":"WebPage","@id":"https:\/\/metacoach.lv\/product\/rokas-gramatina-mak\/","url":"https:\/\/metacoach.lv\/product\/rokas-gramatina-mak\/","name":"\"Rokas\" - gr\u0101mati\u0146a + MAK - MetaCoach","isPartOf":{"@id":"https:\/\/metacoach.lv\/#website"},"primaryImageOfPage":{"@id":"https:\/\/metacoach.lv\/product\/rokas-gramatina-mak\/#primaryimage"},"image":{"@id":"https:\/\/metacoach.lv\/product\/rokas-gramatina-mak\/#primaryimage"},"thumbnailUrl":"https:\/\/metacoach.lv\/wp-content\/uploads\/2025\/07\/1-1.jpg","datePublished":"2025-07-23T15:04:40+00:00","dateModified":"2025-12-19T14:53:52+00:00","description":"Gr\u0101mati\u0146a ar metod\u0113m un jaut\u0101jumiem rado\u0161uma att\u012bst\u012b\u0161anai un iek\u0161\u0113jo resursu apzin\u0101\u0161anai. Komplekt\u0101 ietilpst 81 asociat\u012bvi metaforisk\u0101 kart\u012bte \u201cRokas\u201d. Ieskaties!","breadcrumb":{"@id":"https:\/\/metacoach.lv\/product\/rokas-gramatina-mak\/#breadcrumb"},"inLanguage":"ru-RU","potentialAction":[{"@type":"ReadAction","target":["https:\/\/metacoach.lv\/product\/rokas-gramatina-mak\/"]}]},{"@type":"ImageObject","inLanguage":"ru-RU","@id":"https:\/\/metacoach.lv\/product\/rokas-gramatina-mak\/#primaryimage","url":"https:\/\/metacoach.lv\/wp-content\/uploads\/2025\/07\/1-1.jpg","contentUrl":"https:\/\/metacoach.lv\/wp-content\/uploads\/2025\/07\/1-1.jpg","width":1200,"height":1200,"caption":"Rokas - gr\u0101mata ar metod\u0113m + kart\u012btes"},{"@type":"BreadcrumbList","@id":"https:\/\/metacoach.lv\/product\/rokas-gramatina-mak\/#breadcrumb","itemListElement":[{"@type":"ListItem","position":1,"name":"\u0413\u043b\u0430\u0432\u043d\u0430\u044f","item":"https:\/\/metacoach.lv\/ru\/"},{"@type":"ListItem","position":2,"name":"Veikals","item":"https:\/\/metacoach.lv\/veikals\/"},{"@type":"ListItem","position":3,"name":"&#8220;Rokas&#8221; &#8211; gr\u0101mati\u0146a + MAK"}]},{"@type":"WebSite","@id":"https:\/\/metacoach.lv\/#website","url":"https:\/\/metacoach.lv\/","name":"MetaCoach","description":"Profesion\u0101lo kou\u010du  un l\u012bder\u012bbas apm\u0101c\u012bbas","publisher":{"@id":"https:\/\/metacoach.lv\/#organization"},"potentialAction":[{"@type":"SearchAction","target":{"@type":"EntryPoint","urlTemplate":"https:\/\/metacoach.lv\/?s={search_term_string}"},"query-input":{"@type":"PropertyValueSpecification","valueRequired":true,"valueName":"search_term_string"}}],"inLanguage":"ru-RU"},{"@type":"Organization","@id":"https:\/\/metacoach.lv\/#organization","name":"MetaCoach","url":"https:\/\/metacoach.lv\/","logo":{"@type":"ImageObject","inLanguage":"ru-RU","@id":"https:\/\/metacoach.lv\/#\/schema\/logo\/image\/","url":"https:\/\/metacoach.lv\/wp-content\/uploads\/2021\/12\/logo-color.png","contentUrl":"https:\/\/metacoach.lv\/wp-content\/uploads\/2021\/12\/logo-color.png","width":256,"height":70,"caption":"MetaCoach"},"image":{"@id":"https:\/\/metacoach.lv\/#\/schema\/logo\/image\/"},"sameAs":["https:\/\/www.facebook.com\/APCLatvija\/","https:\/\/www.instagram.com\/metacoach_center\/","https:\/\/www.linkedin.com\/company\/18811529\/admin\/","https:\/\/www.youtube.com\/channel\/UCBxxPZTVu8s38tl-rmo6xAA\/"]}]}},"_links":{"self":[{"href":"https:\/\/metacoach.lv\/ru\/wp-json\/wp\/v2\/product\/11961","targetHints":{"allow":["GET"]}}],"collection":[{"href":"https:\/\/metacoach.lv\/ru\/wp-json\/wp\/v2\/product"}],"about":[{"href":"https:\/\/metacoach.lv\/ru\/wp-json\/wp\/v2\/types\/product"}],"wp:featuredmedia":[{"embeddable":true,"href":"https:\/\/metacoach.lv\/ru\/wp-json\/wp\/v2\/media\/11962"}],"wp:attachment":[{"href":"https:\/\/metacoach.lv\/ru\/wp-json\/wp\/v2\/media?parent=11961"}],"wp:term":[{"taxonomy":"product_brand","embeddable":true,"href":"https:\/\/metacoach.lv\/ru\/wp-json\/wp\/v2\/product_brand?post=11961"},{"taxonomy":"product_cat","embeddable":true,"href":"https:\/\/metacoach.lv\/ru\/wp-json\/wp\/v2\/product_cat?post=11961"},{"taxonomy":"product_tag","embeddable":true,"href":"https:\/\/metacoach.lv\/ru\/wp-json\/wp\/v2\/product_tag?post=11961"}],"curies":[{"name":"wp","href":"https:\/\/api.w.org\/{rel}","templated":true}]}}