{"id":4721,"date":"2020-08-25T19:21:51","date_gmt":"2020-08-25T19:21:51","guid":{"rendered":"https:\/\/metacoach.lv\/kouchi\/%d0%bb%d0%b0%d1%83%d1%80%d0%b0-%d0%b1%d0%b0%d0%bb%d0%be%d0%b4%d0%b5\/"},"modified":"2020-08-25T19:30:57","modified_gmt":"2020-08-25T19:30:57","slug":"laura-balode","status":"publish","type":"page","link":"https:\/\/metacoach.lv\/ru\/kouchi\/laura-balode\/","title":{"rendered":"\u041b\u0430\u0443\u0440\u0430 \u0411\u0430\u043b\u043e\u0434\u0435"},"content":{"rendered":"\n<p><strong>\u0421\u043f\u0435\u0446\u0438\u0430\u043b\u0438\u0437\u0430\u0446\u0438\u044f:<\/strong> \u0438\u043d\u0434\u0438\u0432\u0438\u0434\u0443\u0430\u043b\u044c\u043d\u044b\u0439 \u043a\u043e\u0443\u0447\u0438\u043d\u0433, \u0442\u0440\u0430\u043d\u0441\u0444\u043e\u0440\u043c\u0430\u0446\u0438\u043e\u043d\u043d\u044b\u0439 \u043a\u043e\u0443\u0447\u0438\u043d\u0433, \u0442\u0432\u043e\u0440\u0447\u0435\u0441\u0442\u0432\u043e.<\/p>\n\n<p><strong>\u0414\u0435\u0432\u0438\u0437:<\/strong> \u00ab\u041e\u0441\u0442\u0430\u043d\u0435\u0442\u0441\u044f \u0442\u043e, \u0447\u0442\u043e \u0438\u0437\u043c\u0435\u043d\u0438\u0442\u0441\u044f\u00bb \/ \u0420\u0430\u0439\u043d\u0438\u0441.<\/p>\n\n<blockquote class=\"wp-block-quote is-layout-flow wp-block-quote-is-layout-flow\"><p>\u0423\u043b\u043e\u0432\u0438\u0442\u044c \u043a\u0430\u043a\u0438\u0435-\u0442\u043e \u0438\u0437\u043c\u0435\u043d\u0435\u043d\u0438\u044f &#8212; \u044d\u0442\u043e \u0441\u0443\u043f\u0435\u0440\u0441\u0438\u043b\u0430, \u0432 \u0440\u0430\u0437\u0432\u0438\u0442\u0438\u0438 \u043a\u043e\u0442\u043e\u0440\u044b\u0445 \u044f \u043f\u0440\u0435\u0434\u043b\u0430\u0433\u0430\u044e \u0441\u0432\u043e\u044e \u043f\u043e\u0434\u0434\u0435\u0440\u0436\u043a\u0443 \u043a\u0430\u043a \u043f\u0440\u043e\u0444\u0435\u0441\u0441\u0438\u043e\u043d\u0430\u043b\u044c\u043d\u044b\u0439 \u043a\u043e\u0443\u0447.<\/p><\/blockquote>\n\n<p><strong>\u041e\u0431\u0440\u0430\u0437\u043e\u0432\u0430\u043d\u0438\u0435, \u043e\u043f\u044b\u0442:\u00a0<\/strong><\/p>\n\n<ul class=\"wp-block-list\">\n<li>\u041f\u0441\u0438\u0445\u043e\u043b\u043e\u0433\u0438\u044f \u0438\u043d\u0442\u0435\u0440\u0435\u0441\u043e\u0432\u0430\u043b\u0430 \u043c\u0435\u043d\u044f \u0441\u043e \u0448\u043a\u043e\u043b\u044b, \u0438 \u0445\u043e\u0442\u044f \u044d\u0442\u043e\u0442 \u0438\u043d\u0442\u0435\u0440\u0435\u0441 \u043d\u0435 \u043f\u0440\u0438\u0432\u0435\u043b \u043a \u0443\u0447\u0435\u0431\u0435, \u043e\u043d \u043f\u0440\u0435\u0432\u0440\u0430\u0442\u0438\u043b\u0441\u044f \u0432 \u043f\u0440\u043e\u0444\u0435\u0441\u0441\u0438\u044e \u043a\u043e\u0443\u0447\u0430 \ud83d\ude42<\/li>\n<li>\u041b\u0435\u0442\u043d\u0438\u0439 \u0432\u044b\u043f\u0443\u0441\u043a 2020 \u0433\u043e\u0434\u0430 \u043f\u043e \u043f\u0440\u043e\u0433\u0440\u0430\u043c\u043c\u0435 \u00abSystem Coach APC\u00bb \u043f\u043e \u0441\u043f\u0435\u0446\u0438\u0430\u043b\u044c\u043d\u043e\u0441\u0442\u0438 \u043f\u0440\u043e\u0444\u0435\u0441\u0441\u0438\u043e\u043d\u0430\u043b\u044c\u043d\u044b\u0439 \u0442\u0440\u0435\u043d\u0435\u0440 Professional Coach APC.<\/li>\n<li>\u041f\u0440\u043e\u0444. \u0441\u0442\u0435\u043f\u0435\u043d\u044c \u0431\u0430\u043a\u0430\u043b\u0430\u0432\u0440\u0430 \u043c\u0435\u043d\u0435\u0434\u0436\u043c\u0435\u043d\u0442\u0430 \u0441\u043e \u0441\u043f\u0435\u0446\u0438\u0430\u043b\u0438\u0437\u0430\u0446\u0438\u0435\u0439 \u0432 \u043c\u0430\u0440\u043a\u0435\u0442\u0438\u043d\u0433\u0435 \u0438 \u0443\u043f\u0440\u0430\u0432\u043b\u0435\u043d\u0438\u0438 \u043f\u0440\u043e\u0434\u0430\u0436\u0430\u043c\u0438.<\/li>\n<li>\u041e\u043f\u044b\u0442 \u0440\u0430\u0431\u043e\u0442\u044b \u0432 \u0431\u0430\u043d\u043a\u0435 \u0431\u043e\u043b\u0435\u0435 4 \u043b\u0435\u0442.<\/li>\n<\/ul>\n<p><strong>\u041a\u043e\u043d\u0442\u0430\u043a\u0442\u044b:<\/strong><\/p>\n\n<ul class=\"wp-block-list\">\n<li>\u0422\u0435\u043b\u0435\u0444\u043e\u043d:\u00a0<strong>+371 22468859<\/strong>\n<\/li>\n<li>\u042d\u043b.\u043f\u043e\u0447\u0442\u0430:\u00a0<strong><a href=\"mailto:laura.balode90@gmail.com\">laura.balode90@gmail.com<\/a><\/strong>\n<\/li>\n<\/ul>","protected":false},"excerpt":{"rendered":"<p>\u0421\u043f\u0435\u0446\u0438\u0430\u043b\u0438\u0437\u0430\u0446\u0438\u044f: \u0438\u043d\u0434\u0438\u0432\u0438\u0434\u0443\u0430\u043b\u044c\u043d\u044b\u0439 \u043a\u043e\u0443\u0447\u0438\u043d\u0433, \u0442\u0440\u0430\u043d\u0441\u0444\u043e\u0440\u043c\u0430\u0446\u0438\u043e\u043d\u043d\u044b\u0439 \u043a\u043e\u0443\u0447\u0438\u043d\u0433, \u0442\u0432\u043e\u0440\u0447\u0435\u0441\u0442\u0432\u043e. \u0414\u0435\u0432\u0438\u0437: \u00ab\u041e\u0441\u0442\u0430\u043d\u0435\u0442\u0441\u044f \u0442\u043e, \u0447\u0442\u043e \u0438\u0437\u043c\u0435\u043d\u0438\u0442\u0441\u044f\u00bb \/ \u0420\u0430\u0439\u043d\u0438\u0441. \u0423\u043b\u043e\u0432\u0438\u0442\u044c \u043a\u0430\u043a\u0438\u0435-\u0442\u043e \u0438\u0437\u043c\u0435\u043d\u0435\u043d\u0438\u044f &#8212; \u044d\u0442\u043e \u0441\u0443\u043f\u0435\u0440\u0441\u0438\u043b\u0430, \u0432 \u0440\u0430\u0437\u0432\u0438\u0442\u0438\u0438 \u043a\u043e\u0442\u043e\u0440\u044b\u0445 \u044f \u043f\u0440\u0435\u0434\u043b\u0430\u0433\u0430\u044e \u0441\u0432\u043e\u044e \u043f\u043e\u0434\u0434\u0435\u0440\u0436\u043a\u0443 \u043a\u0430\u043a \u043f\u0440\u043e\u0444\u0435\u0441\u0441\u0438\u043e\u043d\u0430\u043b\u044c\u043d\u044b\u0439 \u043a\u043e\u0443\u0447. \u041e\u0431\u0440\u0430\u0437\u043e\u0432\u0430\u043d\u0438\u0435, \u043e\u043f\u044b\u0442:\u00a0 \u041f\u0441\u0438\u0445\u043e\u043b\u043e\u0433\u0438\u044f \u0438\u043d\u0442\u0435\u0440\u0435\u0441\u043e\u0432\u0430\u043b\u0430 \u043c\u0435\u043d\u044f \u0441\u043e \u0448\u043a\u043e\u043b\u044b, \u0438 \u0445\u043e\u0442\u044f \u044d\u0442\u043e\u0442 \u0438\u043d\u0442\u0435\u0440\u0435\u0441 \u043d\u0435 \u043f\u0440\u0438\u0432\u0435\u043b \u043a \u0443\u0447\u0435\u0431\u0435, \u043e\u043d \u043f\u0440\u0435\u0432\u0440\u0430\u0442\u0438\u043b\u0441\u044f \u0432 \u043f\u0440\u043e\u0444\u0435\u0441\u0441\u0438\u044e \u043a\u043e\u0443\u0447\u0430 \ud83d\ude42 \u041b\u0435\u0442\u043d\u0438\u0439 \u0432\u044b\u043f\u0443\u0441\u043a 2020 \u0433\u043e\u0434\u0430 \u043f\u043e [&hellip;]<\/p>\n","protected":false},"author":1,"featured_media":7251,"parent":4435,"menu_order":0,"comment_status":"closed","ping_status":"closed","template":"","meta":{"_acf_changed":false,"site-sidebar-layout":"default","site-content-layout":"default","ast-site-content-layout":"default","site-content-style":"default","site-sidebar-style":"default","ast-global-header-display":"","ast-banner-title-visibility":"","ast-main-header-display":"","ast-hfb-above-header-display":"","ast-hfb-below-header-display":"","ast-hfb-mobile-header-display":"","site-post-title":"","ast-breadcrumbs-content":"","ast-featured-img":"","footer-sml-layout":"","ast-disable-related-posts":"","theme-transparent-header-meta":"default","adv-header-id-meta":"","stick-header-meta":"default","header-above-stick-meta":"","header-main-stick-meta":"","header-below-stick-meta":"","astra-migrate-meta-layouts":"default","ast-page-background-enabled":"default","ast-page-background-meta":{"desktop":{"background-color":"","background-image":"","background-repeat":"repeat","background-position":"center center","background-size":"auto","background-attachment":"scroll","background-type":"","background-media":"","overlay-type":"","overlay-color":"","overlay-opacity":"","overlay-gradient":""},"tablet":{"background-color":"","background-image":"","background-repeat":"repeat","background-position":"center center","background-size":"auto","background-attachment":"scroll","background-type":"","background-media":"","overlay-type":"","overlay-color":"","overlay-opacity":"","overlay-gradient":""},"mobile":{"background-color":"","background-image":"","background-repeat":"repeat","background-position":"center center","background-size":"auto","background-attachment":"scroll","background-type":"","background-media":"","overlay-type":"","overlay-color":"","overlay-opacity":"","overlay-gradient":""}},"ast-content-background-meta":{"desktop":{"background-color":"var(--ast-global-color-5)","background-image":"","background-repeat":"repeat","background-position":"center center","background-size":"auto","background-attachment":"scroll","background-type":"","background-media":"","overlay-type":"","overlay-color":"","overlay-opacity":"","overlay-gradient":""},"tablet":{"background-color":"var(--ast-global-color-5)","background-image":"","background-repeat":"repeat","background-position":"center center","background-size":"auto","background-attachment":"scroll","background-type":"","background-media":"","overlay-type":"","overlay-color":"","overlay-opacity":"","overlay-gradient":""},"mobile":{"background-color":"var(--ast-global-color-5)","background-image":"","background-repeat":"repeat","background-position":"center center","background-size":"auto","background-attachment":"scroll","background-type":"","background-media":"","overlay-type":"","overlay-color":"","overlay-opacity":"","overlay-gradient":""}},"_price":"","_stock":"","_tribe_ticket_header":"","_tribe_default_ticket_provider":"","_tribe_ticket_capacity":"0","_ticket_start_date":"","_ticket_end_date":"","_tribe_ticket_show_description":"","_tribe_ticket_show_not_going":false,"_tribe_ticket_use_global_stock":"","_tribe_ticket_global_stock_level":"","_global_stock_mode":"","_global_stock_cap":"","_tribe_rsvp_for_event":"","_tribe_ticket_going_count":"","_tribe_ticket_not_going_count":"","_tribe_tickets_list":"[]","_tribe_ticket_has_attendee_info_fields":false,"footnotes":""},"class_list":["post-4721","page","type-page","status-publish","has-post-thumbnail","hentry"],"acf":[],"yoast_head":"<!-- This site is optimized with the Yoast SEO Premium plugin v27.4 (Yoast SEO v27.4) - https:\/\/yoast.com\/product\/yoast-seo-premium-wordpress\/ -->\n<title>\u041b\u0430\u0443\u0440\u0430 \u0411\u0430\u043b\u043e\u0434\u0435 - MetaCoach<\/title>\n<meta name=\"description\" content=\"\u0423\u043b\u043e\u0432\u0438\u0442\u044c \u043a\u0430\u043a\u0438\u0435-\u0442\u043e \u0438\u0437\u043c\u0435\u043d\u0435\u043d\u0438\u044f - \u044d\u0442\u043e \u0441\u0443\u043f\u0435\u0440\u0441\u0438\u043b\u0430, \u0432 \u0440\u0430\u0437\u0432\u0438\u0442\u0438\u0438 \u043a\u043e\u0442\u043e\u0440\u044b\u0445 \u044f \u043f\u0440\u0435\u0434\u043b\u0430\u0433\u0430\u044e \u0441\u0432\u043e\u044e \u043f\u043e\u0434\u0434\u0435\u0440\u0436\u043a\u0443 \u043a\u0430\u043a \u043f\u0440\u043e\u0444\u0435\u0441\u0441\u0438\u043e\u043d\u0430\u043b\u044c\u043d\u044b\u0439 \u043a\u043e\u0443\u0447. \u0418\u043d\u0434\u0438\u0432\u0438\u0434\u0443\u0430\u043b\u044c\u043d\u044b\u0439 \u0438 \u0442\u0440\u0430\u043d\u0441\u0444\u043e\u0440\u043c\u0430\u0446\u0438\u043e\u043d\u043d\u044b\u0439 \u043a\u043e\u0443\u0447\u0438\u043d\u0433.\" \/>\n<meta name=\"robots\" content=\"index, follow, max-snippet:-1, max-image-preview:large, max-video-preview:-1\" \/>\n<link rel=\"canonical\" href=\"https:\/\/metacoach.lv\/ru\/kouchi\/laura-balode\/\" \/>\n<meta property=\"og:locale\" content=\"ru_RU\" \/>\n<meta property=\"og:type\" content=\"article\" \/>\n<meta property=\"og:title\" content=\"\u041b\u0430\u0443\u0440\u0430 \u0411\u0430\u043b\u043e\u0434\u0435\" \/>\n<meta property=\"og:description\" content=\"\u0423\u043b\u043e\u0432\u0438\u0442\u044c \u043a\u0430\u043a\u0438\u0435-\u0442\u043e \u0438\u0437\u043c\u0435\u043d\u0435\u043d\u0438\u044f - \u044d\u0442\u043e \u0441\u0443\u043f\u0435\u0440\u0441\u0438\u043b\u0430, \u0432 \u0440\u0430\u0437\u0432\u0438\u0442\u0438\u0438 \u043a\u043e\u0442\u043e\u0440\u044b\u0445 \u044f \u043f\u0440\u0435\u0434\u043b\u0430\u0433\u0430\u044e \u0441\u0432\u043e\u044e \u043f\u043e\u0434\u0434\u0435\u0440\u0436\u043a\u0443 \u043a\u0430\u043a \u043f\u0440\u043e\u0444\u0435\u0441\u0441\u0438\u043e\u043d\u0430\u043b\u044c\u043d\u044b\u0439 \u043a\u043e\u0443\u0447. \u0418\u043d\u0434\u0438\u0432\u0438\u0434\u0443\u0430\u043b\u044c\u043d\u044b\u0439 \u0438 \u0442\u0440\u0430\u043d\u0441\u0444\u043e\u0440\u043c\u0430\u0446\u0438\u043e\u043d\u043d\u044b\u0439 \u043a\u043e\u0443\u0447\u0438\u043d\u0433.\" \/>\n<meta property=\"og:url\" content=\"https:\/\/metacoach.lv\/ru\/kouchi\/laura-balode\/\" \/>\n<meta property=\"og:site_name\" content=\"MetaCoach\" \/>\n<meta property=\"article:publisher\" content=\"https:\/\/www.facebook.com\/APCLatvija\/\" \/>\n<meta property=\"article:modified_time\" content=\"2020-08-25T19:30:57+00:00\" \/>\n<meta property=\"og:image\" content=\"https:\/\/metacoach.lv\/wp-content\/uploads\/2020\/06\/Laura-Balode.png\" \/>\n\t<meta property=\"og:image:width\" content=\"800\" \/>\n\t<meta property=\"og:image:height\" content=\"800\" \/>\n\t<meta property=\"og:image:type\" content=\"image\/png\" \/>\n<meta name=\"twitter:card\" content=\"summary_large_image\" \/>\n<script type=\"application\/ld+json\" class=\"yoast-schema-graph\">{\"@context\":\"https:\\\/\\\/schema.org\",\"@graph\":[{\"@type\":\"WebPage\",\"@id\":\"https:\\\/\\\/metacoach.lv\\\/ru\\\/kouchi\\\/laura-balode\\\/\",\"url\":\"https:\\\/\\\/metacoach.lv\\\/ru\\\/kouchi\\\/laura-balode\\\/\",\"name\":\"\u041b\u0430\u0443\u0440\u0430 \u0411\u0430\u043b\u043e\u0434\u0435 - MetaCoach\",\"isPartOf\":{\"@id\":\"https:\\\/\\\/metacoach.lv\\\/#website\"},\"primaryImageOfPage\":{\"@id\":\"https:\\\/\\\/metacoach.lv\\\/ru\\\/kouchi\\\/laura-balode\\\/#primaryimage\"},\"image\":{\"@id\":\"https:\\\/\\\/metacoach.lv\\\/ru\\\/kouchi\\\/laura-balode\\\/#primaryimage\"},\"thumbnailUrl\":\"https:\\\/\\\/metacoach.lv\\\/wp-content\\\/uploads\\\/2022\\\/02\\\/Laura-Palma.png\",\"datePublished\":\"2020-08-25T19:21:51+00:00\",\"dateModified\":\"2020-08-25T19:30:57+00:00\",\"description\":\"\u0423\u043b\u043e\u0432\u0438\u0442\u044c \u043a\u0430\u043a\u0438\u0435-\u0442\u043e \u0438\u0437\u043c\u0435\u043d\u0435\u043d\u0438\u044f - \u044d\u0442\u043e \u0441\u0443\u043f\u0435\u0440\u0441\u0438\u043b\u0430, \u0432 \u0440\u0430\u0437\u0432\u0438\u0442\u0438\u0438 \u043a\u043e\u0442\u043e\u0440\u044b\u0445 \u044f \u043f\u0440\u0435\u0434\u043b\u0430\u0433\u0430\u044e \u0441\u0432\u043e\u044e \u043f\u043e\u0434\u0434\u0435\u0440\u0436\u043a\u0443 \u043a\u0430\u043a \u043f\u0440\u043e\u0444\u0435\u0441\u0441\u0438\u043e\u043d\u0430\u043b\u044c\u043d\u044b\u0439 \u043a\u043e\u0443\u0447. \u0418\u043d\u0434\u0438\u0432\u0438\u0434\u0443\u0430\u043b\u044c\u043d\u044b\u0439 \u0438 \u0442\u0440\u0430\u043d\u0441\u0444\u043e\u0440\u043c\u0430\u0446\u0438\u043e\u043d\u043d\u044b\u0439 \u043a\u043e\u0443\u0447\u0438\u043d\u0433.\",\"breadcrumb\":{\"@id\":\"https:\\\/\\\/metacoach.lv\\\/ru\\\/kouchi\\\/laura-balode\\\/#breadcrumb\"},\"inLanguage\":\"ru-RU\",\"potentialAction\":[{\"@type\":\"ReadAction\",\"target\":[\"https:\\\/\\\/metacoach.lv\\\/ru\\\/kouchi\\\/laura-balode\\\/\"]}]},{\"@type\":\"ImageObject\",\"inLanguage\":\"ru-RU\",\"@id\":\"https:\\\/\\\/metacoach.lv\\\/ru\\\/kouchi\\\/laura-balode\\\/#primaryimage\",\"url\":\"https:\\\/\\\/metacoach.lv\\\/wp-content\\\/uploads\\\/2022\\\/02\\\/Laura-Palma.png\",\"contentUrl\":\"https:\\\/\\\/metacoach.lv\\\/wp-content\\\/uploads\\\/2022\\\/02\\\/Laura-Palma.png\",\"width\":800,\"height\":800,\"caption\":\"Laura Palma\"},{\"@type\":\"BreadcrumbList\",\"@id\":\"https:\\\/\\\/metacoach.lv\\\/ru\\\/kouchi\\\/laura-balode\\\/#breadcrumb\",\"itemListElement\":[{\"@type\":\"ListItem\",\"position\":1,\"name\":\"\u0413\u043b\u0430\u0432\u043d\u0430\u044f\",\"item\":\"https:\\\/\\\/metacoach.lv\\\/ru\\\/\"},{\"@type\":\"ListItem\",\"position\":2,\"name\":\"\u041a\u043e\u0443\u0447\u0438\",\"item\":\"https:\\\/\\\/metacoach.lv\\\/ru\\\/kouchi\\\/\"},{\"@type\":\"ListItem\",\"position\":3,\"name\":\"\u041b\u0430\u0443\u0440\u0430 \u0411\u0430\u043b\u043e\u0434\u0435\"}]},{\"@type\":\"WebSite\",\"@id\":\"https:\\\/\\\/metacoach.lv\\\/#website\",\"url\":\"https:\\\/\\\/metacoach.lv\\\/\",\"name\":\"MetaCoach\",\"description\":\"Profesion\u0101lo kou\u010du  un l\u012bder\u012bbas apm\u0101c\u012bbas\",\"publisher\":{\"@id\":\"https:\\\/\\\/metacoach.lv\\\/#organization\"},\"potentialAction\":[{\"@type\":\"SearchAction\",\"target\":{\"@type\":\"EntryPoint\",\"urlTemplate\":\"https:\\\/\\\/metacoach.lv\\\/?s={search_term_string}\"},\"query-input\":{\"@type\":\"PropertyValueSpecification\",\"valueRequired\":true,\"valueName\":\"search_term_string\"}}],\"inLanguage\":\"ru-RU\"},{\"@type\":\"Organization\",\"@id\":\"https:\\\/\\\/metacoach.lv\\\/#organization\",\"name\":\"MetaCoach\",\"url\":\"https:\\\/\\\/metacoach.lv\\\/\",\"logo\":{\"@type\":\"ImageObject\",\"inLanguage\":\"ru-RU\",\"@id\":\"https:\\\/\\\/metacoach.lv\\\/#\\\/schema\\\/logo\\\/image\\\/\",\"url\":\"https:\\\/\\\/metacoach.lv\\\/wp-content\\\/uploads\\\/2021\\\/12\\\/logo-color.png\",\"contentUrl\":\"https:\\\/\\\/metacoach.lv\\\/wp-content\\\/uploads\\\/2021\\\/12\\\/logo-color.png\",\"width\":256,\"height\":70,\"caption\":\"MetaCoach\"},\"image\":{\"@id\":\"https:\\\/\\\/metacoach.lv\\\/#\\\/schema\\\/logo\\\/image\\\/\"},\"sameAs\":[\"https:\\\/\\\/www.facebook.com\\\/APCLatvija\\\/\",\"https:\\\/\\\/www.instagram.com\\\/metacoach_center\\\/\",\"https:\\\/\\\/www.linkedin.com\\\/company\\\/18811529\\\/admin\\\/\",\"https:\\\/\\\/www.youtube.com\\\/channel\\\/UCBxxPZTVu8s38tl-rmo6xAA\\\/\"]}]}<\/script>\n<!-- \/ Yoast SEO Premium plugin. -->","yoast_head_json":{"title":"\u041b\u0430\u0443\u0440\u0430 \u0411\u0430\u043b\u043e\u0434\u0435 - MetaCoach","description":"\u0423\u043b\u043e\u0432\u0438\u0442\u044c \u043a\u0430\u043a\u0438\u0435-\u0442\u043e \u0438\u0437\u043c\u0435\u043d\u0435\u043d\u0438\u044f - \u044d\u0442\u043e \u0441\u0443\u043f\u0435\u0440\u0441\u0438\u043b\u0430, \u0432 \u0440\u0430\u0437\u0432\u0438\u0442\u0438\u0438 \u043a\u043e\u0442\u043e\u0440\u044b\u0445 \u044f \u043f\u0440\u0435\u0434\u043b\u0430\u0433\u0430\u044e \u0441\u0432\u043e\u044e \u043f\u043e\u0434\u0434\u0435\u0440\u0436\u043a\u0443 \u043a\u0430\u043a \u043f\u0440\u043e\u0444\u0435\u0441\u0441\u0438\u043e\u043d\u0430\u043b\u044c\u043d\u044b\u0439 \u043a\u043e\u0443\u0447. \u0418\u043d\u0434\u0438\u0432\u0438\u0434\u0443\u0430\u043b\u044c\u043d\u044b\u0439 \u0438 \u0442\u0440\u0430\u043d\u0441\u0444\u043e\u0440\u043c\u0430\u0446\u0438\u043e\u043d\u043d\u044b\u0439 \u043a\u043e\u0443\u0447\u0438\u043d\u0433.","robots":{"index":"index","follow":"follow","max-snippet":"max-snippet:-1","max-image-preview":"max-image-preview:large","max-video-preview":"max-video-preview:-1"},"canonical":"https:\/\/metacoach.lv\/ru\/kouchi\/laura-balode\/","og_locale":"ru_RU","og_type":"article","og_title":"\u041b\u0430\u0443\u0440\u0430 \u0411\u0430\u043b\u043e\u0434\u0435","og_description":"\u0423\u043b\u043e\u0432\u0438\u0442\u044c \u043a\u0430\u043a\u0438\u0435-\u0442\u043e \u0438\u0437\u043c\u0435\u043d\u0435\u043d\u0438\u044f - \u044d\u0442\u043e \u0441\u0443\u043f\u0435\u0440\u0441\u0438\u043b\u0430, \u0432 \u0440\u0430\u0437\u0432\u0438\u0442\u0438\u0438 \u043a\u043e\u0442\u043e\u0440\u044b\u0445 \u044f \u043f\u0440\u0435\u0434\u043b\u0430\u0433\u0430\u044e \u0441\u0432\u043e\u044e \u043f\u043e\u0434\u0434\u0435\u0440\u0436\u043a\u0443 \u043a\u0430\u043a \u043f\u0440\u043e\u0444\u0435\u0441\u0441\u0438\u043e\u043d\u0430\u043b\u044c\u043d\u044b\u0439 \u043a\u043e\u0443\u0447. \u0418\u043d\u0434\u0438\u0432\u0438\u0434\u0443\u0430\u043b\u044c\u043d\u044b\u0439 \u0438 \u0442\u0440\u0430\u043d\u0441\u0444\u043e\u0440\u043c\u0430\u0446\u0438\u043e\u043d\u043d\u044b\u0439 \u043a\u043e\u0443\u0447\u0438\u043d\u0433.","og_url":"https:\/\/metacoach.lv\/ru\/kouchi\/laura-balode\/","og_site_name":"MetaCoach","article_publisher":"https:\/\/www.facebook.com\/APCLatvija\/","article_modified_time":"2020-08-25T19:30:57+00:00","og_image":[{"width":800,"height":800,"url":"https:\/\/metacoach.lv\/wp-content\/uploads\/2020\/06\/Laura-Balode.png","type":"image\/png"}],"twitter_card":"summary_large_image","schema":{"@context":"https:\/\/schema.org","@graph":[{"@type":"WebPage","@id":"https:\/\/metacoach.lv\/ru\/kouchi\/laura-balode\/","url":"https:\/\/metacoach.lv\/ru\/kouchi\/laura-balode\/","name":"\u041b\u0430\u0443\u0440\u0430 \u0411\u0430\u043b\u043e\u0434\u0435 - MetaCoach","isPartOf":{"@id":"https:\/\/metacoach.lv\/#website"},"primaryImageOfPage":{"@id":"https:\/\/metacoach.lv\/ru\/kouchi\/laura-balode\/#primaryimage"},"image":{"@id":"https:\/\/metacoach.lv\/ru\/kouchi\/laura-balode\/#primaryimage"},"thumbnailUrl":"https:\/\/metacoach.lv\/wp-content\/uploads\/2022\/02\/Laura-Palma.png","datePublished":"2020-08-25T19:21:51+00:00","dateModified":"2020-08-25T19:30:57+00:00","description":"\u0423\u043b\u043e\u0432\u0438\u0442\u044c \u043a\u0430\u043a\u0438\u0435-\u0442\u043e \u0438\u0437\u043c\u0435\u043d\u0435\u043d\u0438\u044f - \u044d\u0442\u043e \u0441\u0443\u043f\u0435\u0440\u0441\u0438\u043b\u0430, \u0432 \u0440\u0430\u0437\u0432\u0438\u0442\u0438\u0438 \u043a\u043e\u0442\u043e\u0440\u044b\u0445 \u044f \u043f\u0440\u0435\u0434\u043b\u0430\u0433\u0430\u044e \u0441\u0432\u043e\u044e \u043f\u043e\u0434\u0434\u0435\u0440\u0436\u043a\u0443 \u043a\u0430\u043a \u043f\u0440\u043e\u0444\u0435\u0441\u0441\u0438\u043e\u043d\u0430\u043b\u044c\u043d\u044b\u0439 \u043a\u043e\u0443\u0447. \u0418\u043d\u0434\u0438\u0432\u0438\u0434\u0443\u0430\u043b\u044c\u043d\u044b\u0439 \u0438 \u0442\u0440\u0430\u043d\u0441\u0444\u043e\u0440\u043c\u0430\u0446\u0438\u043e\u043d\u043d\u044b\u0439 \u043a\u043e\u0443\u0447\u0438\u043d\u0433.","breadcrumb":{"@id":"https:\/\/metacoach.lv\/ru\/kouchi\/laura-balode\/#breadcrumb"},"inLanguage":"ru-RU","potentialAction":[{"@type":"ReadAction","target":["https:\/\/metacoach.lv\/ru\/kouchi\/laura-balode\/"]}]},{"@type":"ImageObject","inLanguage":"ru-RU","@id":"https:\/\/metacoach.lv\/ru\/kouchi\/laura-balode\/#primaryimage","url":"https:\/\/metacoach.lv\/wp-content\/uploads\/2022\/02\/Laura-Palma.png","contentUrl":"https:\/\/metacoach.lv\/wp-content\/uploads\/2022\/02\/Laura-Palma.png","width":800,"height":800,"caption":"Laura Palma"},{"@type":"BreadcrumbList","@id":"https:\/\/metacoach.lv\/ru\/kouchi\/laura-balode\/#breadcrumb","itemListElement":[{"@type":"ListItem","position":1,"name":"\u0413\u043b\u0430\u0432\u043d\u0430\u044f","item":"https:\/\/metacoach.lv\/ru\/"},{"@type":"ListItem","position":2,"name":"\u041a\u043e\u0443\u0447\u0438","item":"https:\/\/metacoach.lv\/ru\/kouchi\/"},{"@type":"ListItem","position":3,"name":"\u041b\u0430\u0443\u0440\u0430 \u0411\u0430\u043b\u043e\u0434\u0435"}]},{"@type":"WebSite","@id":"https:\/\/metacoach.lv\/#website","url":"https:\/\/metacoach.lv\/","name":"MetaCoach","description":"Profesion\u0101lo kou\u010du  un l\u012bder\u012bbas apm\u0101c\u012bbas","publisher":{"@id":"https:\/\/metacoach.lv\/#organization"},"potentialAction":[{"@type":"SearchAction","target":{"@type":"EntryPoint","urlTemplate":"https:\/\/metacoach.lv\/?s={search_term_string}"},"query-input":{"@type":"PropertyValueSpecification","valueRequired":true,"valueName":"search_term_string"}}],"inLanguage":"ru-RU"},{"@type":"Organization","@id":"https:\/\/metacoach.lv\/#organization","name":"MetaCoach","url":"https:\/\/metacoach.lv\/","logo":{"@type":"ImageObject","inLanguage":"ru-RU","@id":"https:\/\/metacoach.lv\/#\/schema\/logo\/image\/","url":"https:\/\/metacoach.lv\/wp-content\/uploads\/2021\/12\/logo-color.png","contentUrl":"https:\/\/metacoach.lv\/wp-content\/uploads\/2021\/12\/logo-color.png","width":256,"height":70,"caption":"MetaCoach"},"image":{"@id":"https:\/\/metacoach.lv\/#\/schema\/logo\/image\/"},"sameAs":["https:\/\/www.facebook.com\/APCLatvija\/","https:\/\/www.instagram.com\/metacoach_center\/","https:\/\/www.linkedin.com\/company\/18811529\/admin\/","https:\/\/www.youtube.com\/channel\/UCBxxPZTVu8s38tl-rmo6xAA\/"]}]}},"_links":{"self":[{"href":"https:\/\/metacoach.lv\/ru\/wp-json\/wp\/v2\/pages\/4721","targetHints":{"allow":["GET"]}}],"collection":[{"href":"https:\/\/metacoach.lv\/ru\/wp-json\/wp\/v2\/pages"}],"about":[{"href":"https:\/\/metacoach.lv\/ru\/wp-json\/wp\/v2\/types\/page"}],"author":[{"embeddable":true,"href":"https:\/\/metacoach.lv\/ru\/wp-json\/wp\/v2\/users\/1"}],"replies":[{"embeddable":true,"href":"https:\/\/metacoach.lv\/ru\/wp-json\/wp\/v2\/comments?post=4721"}],"version-history":[{"count":0,"href":"https:\/\/metacoach.lv\/ru\/wp-json\/wp\/v2\/pages\/4721\/revisions"}],"up":[{"embeddable":true,"href":"https:\/\/metacoach.lv\/ru\/wp-json\/wp\/v2\/pages\/4435"}],"wp:featuredmedia":[{"embeddable":true,"href":"https:\/\/metacoach.lv\/ru\/wp-json\/wp\/v2\/media\/7251"}],"wp:attachment":[{"href":"https:\/\/metacoach.lv\/ru\/wp-json\/wp\/v2\/media?parent=4721"}],"curies":[{"name":"wp","href":"https:\/\/api.w.org\/{rel}","templated":true}]}}