{"id":12058,"date":"2025-08-07T09:12:54","date_gmt":"2025-08-07T09:12:54","guid":{"rendered":"https:\/\/metacoach.lv\/?post_type=product&#038;p=12058"},"modified":"2025-08-07T09:12:55","modified_gmt":"2025-08-07T09:12:55","slug":"menesa-cetrsturis-darba-lapa","status":"publish","type":"product","link":"https:\/\/metacoach.lv\/en\/product\/menesa-cetrsturis-darba-lapa\/","title":{"rendered":"M\u0112NE\u0160A \u010cETRST\u016aRIS &#8211; DARBA LAPA"},"content":{"rendered":"","protected":false},"excerpt":{"rendered":"<p><span class=\"OYPEnA font-feature-liga-off font-feature-clig-off font-feature-calt-off text-decoration-none text-strikethrough-none\">\u0160is metode ir ide\u0101ls ikm\u0113ne\u0161a pa\u0161vad\u012bbas un p\u0101rskat\u012b\u0161anas ritu\u0101ls, kas caur struktur\u0113tu refleksiju ienes konkr\u0113tu r\u012bc\u012bbu \u010detr\u0101s dz\u012bves jom\u0101s.<\/span><\/p>\n","protected":false},"featured_media":12059,"template":"","meta":{"_acf_changed":false,"site-sidebar-layout":"default","site-content-layout":"","ast-site-content-layout":"default","site-content-style":"default","site-sidebar-style":"default","ast-global-header-display":"","ast-banner-title-visibility":"","ast-main-header-display":"","ast-hfb-above-header-display":"","ast-hfb-below-header-display":"","ast-hfb-mobile-header-display":"","site-post-title":"","ast-breadcrumbs-content":"","ast-featured-img":"","footer-sml-layout":"","ast-disable-related-posts":"","theme-transparent-header-meta":"default","adv-header-id-meta":"","stick-header-meta":"default","header-above-stick-meta":"","header-main-stick-meta":"","header-below-stick-meta":"","astra-migrate-meta-layouts":"set","ast-page-background-enabled":"default","ast-page-background-meta":{"desktop":{"background-color":"","background-image":"","background-repeat":"repeat","background-position":"center center","background-size":"auto","background-attachment":"scroll","background-type":"","background-media":"","overlay-type":"","overlay-color":"","overlay-opacity":"","overlay-gradient":""},"tablet":{"background-color":"","background-image":"","background-repeat":"repeat","background-position":"center center","background-size":"auto","background-attachment":"scroll","background-type":"","background-media":"","overlay-type":"","overlay-color":"","overlay-opacity":"","overlay-gradient":""},"mobile":{"background-color":"","background-image":"","background-repeat":"repeat","background-position":"center center","background-size":"auto","background-attachment":"scroll","background-type":"","background-media":"","overlay-type":"","overlay-color":"","overlay-opacity":"","overlay-gradient":""}},"ast-content-background-meta":{"desktop":{"background-color":"var(--ast-global-color-5)","background-image":"","background-repeat":"repeat","background-position":"center center","background-size":"auto","background-attachment":"scroll","background-type":"","background-media":"","overlay-type":"","overlay-color":"","overlay-opacity":"","overlay-gradient":""},"tablet":{"background-color":"var(--ast-global-color-5)","background-image":"","background-repeat":"repeat","background-position":"center center","background-size":"auto","background-attachment":"scroll","background-type":"","background-media":"","overlay-type":"","overlay-color":"","overlay-opacity":"","overlay-gradient":""},"mobile":{"background-color":"var(--ast-global-color-5)","background-image":"","background-repeat":"repeat","background-position":"center center","background-size":"auto","background-attachment":"scroll","background-type":"","background-media":"","overlay-type":"","overlay-color":"","overlay-opacity":"","overlay-gradient":""}},"_price":"0","_stock":"","_tribe_ticket_header":"","_tribe_default_ticket_provider":"","_tribe_ticket_capacity":"0","_ticket_start_date":"","_ticket_end_date":"","_tribe_ticket_show_description":"","_tribe_ticket_show_not_going":false,"_tribe_ticket_use_global_stock":"","_tribe_ticket_global_stock_level":"","_global_stock_mode":"","_global_stock_cap":"","_tribe_rsvp_for_event":"","_tribe_ticket_going_count":"","_tribe_ticket_not_going_count":"","_tribe_tickets_list":"[]","_tribe_ticket_has_attendee_info_fields":false,"_tec_slr_enabled":"","_tec_slr_layout":""},"product_brand":[],"product_cat":[1019],"product_tag":[1207,1241,1239,1240],"class_list":{"0":"post-12058","1":"product","2":"type-product","3":"status-publish","4":"has-post-thumbnail","6":"product_cat-darba-lapas","7":"product_tag-darba-lapa","8":"product_tag-koucings","9":"product_tag-pasrefleksija","10":"product_tag-refleksija","11":"desktop-align-left","12":"tablet-align-left","13":"mobile-align-left","14":"ast-product-gallery-layout-horizontal-slider","15":"ast-product-gallery-with-no-image","16":"ast-product-tabs-layout-horizontal","18":"first","19":"instock","20":"downloadable","21":"virtual","22":"purchasable","23":"product-type-simple"},"acf":[],"yoast_head":"<!-- This site is optimized with the Yoast SEO Premium plugin v27.4 (Yoast SEO v27.4) - https:\/\/yoast.com\/product\/yoast-seo-premium-wordpress\/ -->\n<title>M\u0112NE\u0160A \u010cETRST\u016aRIS - DARBA LAPA - MetaCoach<\/title>\n<meta name=\"description\" content=\"\u0160is metode ir ide\u0101ls ikm\u0113ne\u0161a pa\u0161vad\u012bbas un p\u0101rskat\u012b\u0161anas ritu\u0101ls, kas caur struktur\u0113tu refleksiju ienes konkr\u0113tu r\u012bc\u012bbu \u010detr\u0101s dz\u012bves jom\u0101s.\" \/>\n<meta name=\"robots\" content=\"index, follow, max-snippet:-1, max-image-preview:large, max-video-preview:-1\" \/>\n<link rel=\"canonical\" href=\"https:\/\/metacoach.lv\/product\/menesa-cetrsturis-darba-lapa\/\" \/>\n<meta property=\"og:locale\" content=\"en_US\" \/>\n<meta property=\"og:type\" content=\"article\" \/>\n<meta property=\"og:title\" content=\"M\u0112NE\u0160A \u010cETRST\u016aRIS - DARBA LAPA\" \/>\n<meta property=\"og:description\" content=\"\u0160is metode ir ide\u0101ls ikm\u0113ne\u0161a pa\u0161vad\u012bbas un p\u0101rskat\u012b\u0161anas ritu\u0101ls, kas caur struktur\u0113tu refleksiju ienes konkr\u0113tu r\u012bc\u012bbu \u010detr\u0101s dz\u012bves jom\u0101s.\" \/>\n<meta property=\"og:url\" content=\"https:\/\/metacoach.lv\/product\/menesa-cetrsturis-darba-lapa\/\" \/>\n<meta property=\"og:site_name\" content=\"MetaCoach\" \/>\n<meta property=\"article:publisher\" content=\"https:\/\/www.facebook.com\/APCLatvija\/\" \/>\n<meta property=\"article:modified_time\" content=\"2025-08-07T09:12:55+00:00\" \/>\n<meta property=\"og:image\" content=\"https:\/\/metacoach.lv\/wp-content\/uploads\/2025\/08\/Menesa-cetrsturis.jpg\" \/>\n\t<meta property=\"og:image:width\" content=\"1414\" \/>\n\t<meta property=\"og:image:height\" content=\"2000\" \/>\n\t<meta property=\"og:image:type\" content=\"image\/jpeg\" \/>\n<meta name=\"twitter:card\" content=\"summary_large_image\" \/>\n<script type=\"application\/ld+json\" class=\"yoast-schema-graph\">{\"@context\":\"https:\\\/\\\/schema.org\",\"@graph\":[{\"@type\":\"WebPage\",\"@id\":\"https:\\\/\\\/metacoach.lv\\\/product\\\/menesa-cetrsturis-darba-lapa\\\/\",\"url\":\"https:\\\/\\\/metacoach.lv\\\/product\\\/menesa-cetrsturis-darba-lapa\\\/\",\"name\":\"M\u0112NE\u0160A \u010cETRST\u016aRIS - DARBA LAPA - MetaCoach\",\"isPartOf\":{\"@id\":\"https:\\\/\\\/metacoach.lv\\\/#website\"},\"primaryImageOfPage\":{\"@id\":\"https:\\\/\\\/metacoach.lv\\\/product\\\/menesa-cetrsturis-darba-lapa\\\/#primaryimage\"},\"image\":{\"@id\":\"https:\\\/\\\/metacoach.lv\\\/product\\\/menesa-cetrsturis-darba-lapa\\\/#primaryimage\"},\"thumbnailUrl\":\"https:\\\/\\\/metacoach.lv\\\/wp-content\\\/uploads\\\/2025\\\/08\\\/Menesa-cetrsturis.jpg\",\"datePublished\":\"2025-08-07T09:12:54+00:00\",\"dateModified\":\"2025-08-07T09:12:55+00:00\",\"description\":\"\u0160is metode ir ide\u0101ls ikm\u0113ne\u0161a pa\u0161vad\u012bbas un p\u0101rskat\u012b\u0161anas ritu\u0101ls, kas caur struktur\u0113tu refleksiju ienes konkr\u0113tu r\u012bc\u012bbu \u010detr\u0101s dz\u012bves jom\u0101s.\",\"breadcrumb\":{\"@id\":\"https:\\\/\\\/metacoach.lv\\\/product\\\/menesa-cetrsturis-darba-lapa\\\/#breadcrumb\"},\"inLanguage\":\"en-US\",\"potentialAction\":[{\"@type\":\"ReadAction\",\"target\":[\"https:\\\/\\\/metacoach.lv\\\/product\\\/menesa-cetrsturis-darba-lapa\\\/\"]}]},{\"@type\":\"ImageObject\",\"inLanguage\":\"en-US\",\"@id\":\"https:\\\/\\\/metacoach.lv\\\/product\\\/menesa-cetrsturis-darba-lapa\\\/#primaryimage\",\"url\":\"https:\\\/\\\/metacoach.lv\\\/wp-content\\\/uploads\\\/2025\\\/08\\\/Menesa-cetrsturis.jpg\",\"contentUrl\":\"https:\\\/\\\/metacoach.lv\\\/wp-content\\\/uploads\\\/2025\\\/08\\\/Menesa-cetrsturis.jpg\",\"width\":1414,\"height\":2000},{\"@type\":\"BreadcrumbList\",\"@id\":\"https:\\\/\\\/metacoach.lv\\\/product\\\/menesa-cetrsturis-darba-lapa\\\/#breadcrumb\",\"itemListElement\":[{\"@type\":\"ListItem\",\"position\":1,\"name\":\"Home\",\"item\":\"https:\\\/\\\/metacoach.lv\\\/\"},{\"@type\":\"ListItem\",\"position\":2,\"name\":\"Veikals\",\"item\":\"https:\\\/\\\/metacoach.lv\\\/veikals\\\/\"},{\"@type\":\"ListItem\",\"position\":3,\"name\":\"M\u0112NE\u0160A \u010cETRST\u016aRIS &#8211; DARBA LAPA\"}]},{\"@type\":\"WebSite\",\"@id\":\"https:\\\/\\\/metacoach.lv\\\/#website\",\"url\":\"https:\\\/\\\/metacoach.lv\\\/\",\"name\":\"MetaCoach\",\"description\":\"Profesion\u0101lo kou\u010du un l\u012bder\u012bbas apm\u0101c\u012bbas\",\"publisher\":{\"@id\":\"https:\\\/\\\/metacoach.lv\\\/#organization\"},\"potentialAction\":[{\"@type\":\"SearchAction\",\"target\":{\"@type\":\"EntryPoint\",\"urlTemplate\":\"https:\\\/\\\/metacoach.lv\\\/?s={search_term_string}\"},\"query-input\":{\"@type\":\"PropertyValueSpecification\",\"valueRequired\":true,\"valueName\":\"search_term_string\"}}],\"inLanguage\":\"en-US\"},{\"@type\":\"Organization\",\"@id\":\"https:\\\/\\\/metacoach.lv\\\/#organization\",\"name\":\"MetaCoach\",\"url\":\"https:\\\/\\\/metacoach.lv\\\/\",\"logo\":{\"@type\":\"ImageObject\",\"inLanguage\":\"en-US\",\"@id\":\"https:\\\/\\\/metacoach.lv\\\/#\\\/schema\\\/logo\\\/image\\\/\",\"url\":\"https:\\\/\\\/metacoach.lv\\\/wp-content\\\/uploads\\\/2021\\\/12\\\/logo-color.png\",\"contentUrl\":\"https:\\\/\\\/metacoach.lv\\\/wp-content\\\/uploads\\\/2021\\\/12\\\/logo-color.png\",\"width\":256,\"height\":70,\"caption\":\"MetaCoach\"},\"image\":{\"@id\":\"https:\\\/\\\/metacoach.lv\\\/#\\\/schema\\\/logo\\\/image\\\/\"},\"sameAs\":[\"https:\\\/\\\/www.facebook.com\\\/APCLatvija\\\/\",\"https:\\\/\\\/www.instagram.com\\\/metacoach_center\\\/\",\"https:\\\/\\\/www.linkedin.com\\\/company\\\/18811529\\\/admin\\\/\",\"https:\\\/\\\/www.youtube.com\\\/channel\\\/UCBxxPZTVu8s38tl-rmo6xAA\\\/\"]}]}<\/script>\n<!-- \/ Yoast SEO Premium plugin. -->","yoast_head_json":{"title":"M\u0112NE\u0160A \u010cETRST\u016aRIS - DARBA LAPA - MetaCoach","description":"\u0160is metode ir ide\u0101ls ikm\u0113ne\u0161a pa\u0161vad\u012bbas un p\u0101rskat\u012b\u0161anas ritu\u0101ls, kas caur struktur\u0113tu refleksiju ienes konkr\u0113tu r\u012bc\u012bbu \u010detr\u0101s dz\u012bves jom\u0101s.","robots":{"index":"index","follow":"follow","max-snippet":"max-snippet:-1","max-image-preview":"max-image-preview:large","max-video-preview":"max-video-preview:-1"},"canonical":"https:\/\/metacoach.lv\/product\/menesa-cetrsturis-darba-lapa\/","og_locale":"en_US","og_type":"article","og_title":"M\u0112NE\u0160A \u010cETRST\u016aRIS - DARBA LAPA","og_description":"\u0160is metode ir ide\u0101ls ikm\u0113ne\u0161a pa\u0161vad\u012bbas un p\u0101rskat\u012b\u0161anas ritu\u0101ls, kas caur struktur\u0113tu refleksiju ienes konkr\u0113tu r\u012bc\u012bbu \u010detr\u0101s dz\u012bves jom\u0101s.","og_url":"https:\/\/metacoach.lv\/product\/menesa-cetrsturis-darba-lapa\/","og_site_name":"MetaCoach","article_publisher":"https:\/\/www.facebook.com\/APCLatvija\/","article_modified_time":"2025-08-07T09:12:55+00:00","og_image":[{"width":1414,"height":2000,"url":"https:\/\/metacoach.lv\/wp-content\/uploads\/2025\/08\/Menesa-cetrsturis.jpg","type":"image\/jpeg"}],"twitter_card":"summary_large_image","schema":{"@context":"https:\/\/schema.org","@graph":[{"@type":"WebPage","@id":"https:\/\/metacoach.lv\/product\/menesa-cetrsturis-darba-lapa\/","url":"https:\/\/metacoach.lv\/product\/menesa-cetrsturis-darba-lapa\/","name":"M\u0112NE\u0160A \u010cETRST\u016aRIS - DARBA LAPA - MetaCoach","isPartOf":{"@id":"https:\/\/metacoach.lv\/#website"},"primaryImageOfPage":{"@id":"https:\/\/metacoach.lv\/product\/menesa-cetrsturis-darba-lapa\/#primaryimage"},"image":{"@id":"https:\/\/metacoach.lv\/product\/menesa-cetrsturis-darba-lapa\/#primaryimage"},"thumbnailUrl":"https:\/\/metacoach.lv\/wp-content\/uploads\/2025\/08\/Menesa-cetrsturis.jpg","datePublished":"2025-08-07T09:12:54+00:00","dateModified":"2025-08-07T09:12:55+00:00","description":"\u0160is metode ir ide\u0101ls ikm\u0113ne\u0161a pa\u0161vad\u012bbas un p\u0101rskat\u012b\u0161anas ritu\u0101ls, kas caur struktur\u0113tu refleksiju ienes konkr\u0113tu r\u012bc\u012bbu \u010detr\u0101s dz\u012bves jom\u0101s.","breadcrumb":{"@id":"https:\/\/metacoach.lv\/product\/menesa-cetrsturis-darba-lapa\/#breadcrumb"},"inLanguage":"en-US","potentialAction":[{"@type":"ReadAction","target":["https:\/\/metacoach.lv\/product\/menesa-cetrsturis-darba-lapa\/"]}]},{"@type":"ImageObject","inLanguage":"en-US","@id":"https:\/\/metacoach.lv\/product\/menesa-cetrsturis-darba-lapa\/#primaryimage","url":"https:\/\/metacoach.lv\/wp-content\/uploads\/2025\/08\/Menesa-cetrsturis.jpg","contentUrl":"https:\/\/metacoach.lv\/wp-content\/uploads\/2025\/08\/Menesa-cetrsturis.jpg","width":1414,"height":2000},{"@type":"BreadcrumbList","@id":"https:\/\/metacoach.lv\/product\/menesa-cetrsturis-darba-lapa\/#breadcrumb","itemListElement":[{"@type":"ListItem","position":1,"name":"Home","item":"https:\/\/metacoach.lv\/"},{"@type":"ListItem","position":2,"name":"Veikals","item":"https:\/\/metacoach.lv\/veikals\/"},{"@type":"ListItem","position":3,"name":"M\u0112NE\u0160A \u010cETRST\u016aRIS &#8211; DARBA LAPA"}]},{"@type":"WebSite","@id":"https:\/\/metacoach.lv\/#website","url":"https:\/\/metacoach.lv\/","name":"MetaCoach","description":"Profesion\u0101lo kou\u010du un l\u012bder\u012bbas apm\u0101c\u012bbas","publisher":{"@id":"https:\/\/metacoach.lv\/#organization"},"potentialAction":[{"@type":"SearchAction","target":{"@type":"EntryPoint","urlTemplate":"https:\/\/metacoach.lv\/?s={search_term_string}"},"query-input":{"@type":"PropertyValueSpecification","valueRequired":true,"valueName":"search_term_string"}}],"inLanguage":"en-US"},{"@type":"Organization","@id":"https:\/\/metacoach.lv\/#organization","name":"MetaCoach","url":"https:\/\/metacoach.lv\/","logo":{"@type":"ImageObject","inLanguage":"en-US","@id":"https:\/\/metacoach.lv\/#\/schema\/logo\/image\/","url":"https:\/\/metacoach.lv\/wp-content\/uploads\/2021\/12\/logo-color.png","contentUrl":"https:\/\/metacoach.lv\/wp-content\/uploads\/2021\/12\/logo-color.png","width":256,"height":70,"caption":"MetaCoach"},"image":{"@id":"https:\/\/metacoach.lv\/#\/schema\/logo\/image\/"},"sameAs":["https:\/\/www.facebook.com\/APCLatvija\/","https:\/\/www.instagram.com\/metacoach_center\/","https:\/\/www.linkedin.com\/company\/18811529\/admin\/","https:\/\/www.youtube.com\/channel\/UCBxxPZTVu8s38tl-rmo6xAA\/"]}]}},"_links":{"self":[{"href":"https:\/\/metacoach.lv\/en\/wp-json\/wp\/v2\/product\/12058","targetHints":{"allow":["GET"]}}],"collection":[{"href":"https:\/\/metacoach.lv\/en\/wp-json\/wp\/v2\/product"}],"about":[{"href":"https:\/\/metacoach.lv\/en\/wp-json\/wp\/v2\/types\/product"}],"wp:featuredmedia":[{"embeddable":true,"href":"https:\/\/metacoach.lv\/en\/wp-json\/wp\/v2\/media\/12059"}],"wp:attachment":[{"href":"https:\/\/metacoach.lv\/en\/wp-json\/wp\/v2\/media?parent=12058"}],"wp:term":[{"taxonomy":"product_brand","embeddable":true,"href":"https:\/\/metacoach.lv\/en\/wp-json\/wp\/v2\/product_brand?post=12058"},{"taxonomy":"product_cat","embeddable":true,"href":"https:\/\/metacoach.lv\/en\/wp-json\/wp\/v2\/product_cat?post=12058"},{"taxonomy":"product_tag","embeddable":true,"href":"https:\/\/metacoach.lv\/en\/wp-json\/wp\/v2\/product_tag?post=12058"}],"curies":[{"name":"wp","href":"https:\/\/api.w.org\/{rel}","templated":true}]}}