{"id":11036,"date":"2025-04-11T14:51:51","date_gmt":"2025-04-11T14:51:51","guid":{"rendered":"https:\/\/metacoach.lv\/?post_type=product&#038;p=11036"},"modified":"2025-12-19T14:54:32","modified_gmt":"2025-12-19T14:54:32","slug":"blusas-gramatina-mak","status":"publish","type":"product","link":"https:\/\/metacoach.lv\/en\/product\/blusas-gramatina-mak\/","title":{"rendered":"&#8220;Blusas&#8221; &#8211; gr\u0101mati\u0146a + MAK"},"content":{"rendered":"<p><strong>Gr\u0101mati\u0146a <i>&#8220;Blusas&#8221;<\/i>\u00a0ir praktisks ce\u013cvedis ierobe\u017eojo\u0161o uzskatu identific\u0113\u0161anai un p\u0101rvar\u0113\u0161anai<\/strong>, izmantojot asociat\u012bvi metaforisk\u0101s karti\u0146as. Autore skaidro, k\u0101 m\u016bsu pa\u0161u rad\u012bt\u0101s domas un p\u0101rliec\u012bbas var bremz\u0113t person\u012bgo izaugsmi un att\u012bst\u012bbu, un pied\u0101v\u0101 konkr\u0113tas metodes \u0161o ierobe\u017eojumu apzin\u0101\u0161anai un transform\u0113\u0161anai.<\/p>\n<p>Gr\u0101mat\u0101 ir aprakst\u012btas da\u017e\u0101das tehnikas, tostarp kou\u010dinga jaut\u0101jumi, apzin\u0101t\u012bbas prakse un rado\u0161\u0101s pieejas, kas pal\u012bdz veidot jaunus, atbalsto\u0161us dom\u0101\u0161anas mode\u013cus. T\u0101 ir noder\u012bgs resurss gan individu\u0101lai pa\u0161izaugsmei, gan profesion\u0101\u013ciem \u2013 kou\u010diem, psihologiem un treneriem, un t\u0101s <strong>komplekt\u0101 ietilpst ar\u012b 81 asociat\u012bvi metaforisk\u0101 kart\u012bte &#8220;Blusas&#8221;<\/strong>.<\/p>\n<p>&nbsp;<\/p>\n<p>Ja gad\u012bjum\u0101 v\u0113laties ieg\u0101d\u0101ties \u0161o komplektu uz firmas rekviz\u012btiem vai ar\u012b vienoties par liel\u0101ka daudzuma atlaid\u0113m, l\u016bdzu sazinieties ar mums, rakstot zi\u0146u uz <a href=\"mailto:info@metacoach.lv\">info@metacoach.lv<\/a>.<\/p>\n<div id='gallery-1' class='gallery galleryid-11036 gallery-columns-3 gallery-size-large'><figure class='gallery-item'>\n\t\t\t<div class='gallery-icon landscape'>\n\t\t\t\t<img fetchpriority=\"high\" decoding=\"async\" width=\"1024\" height=\"1024\" src=\"https:\/\/metacoach.lv\/wp-content\/uploads\/2025\/04\/1-1024x1024.jpg\" class=\"attachment-large size-large\" alt=\"Blusas - asociat\u012bvi metaforisk\u0101s kart\u012btes un gr\u0101mati\u0146a ar tehnik\u0101m\" srcset=\"https:\/\/metacoach.lv\/wp-content\/uploads\/2025\/04\/1-1024x1024.jpg 1024w, https:\/\/metacoach.lv\/wp-content\/uploads\/2025\/04\/1-300x300.jpg 300w, https:\/\/metacoach.lv\/wp-content\/uploads\/2025\/04\/1-150x150.jpg 150w, https:\/\/metacoach.lv\/wp-content\/uploads\/2025\/04\/1-768x768.jpg 768w, https:\/\/metacoach.lv\/wp-content\/uploads\/2025\/04\/1-600x600.jpg 600w, https:\/\/metacoach.lv\/wp-content\/uploads\/2025\/04\/1-100x100.jpg 100w, https:\/\/metacoach.lv\/wp-content\/uploads\/2025\/04\/1.jpg 1200w\" sizes=\"(max-width: 1024px) 100vw, 1024px\" \/>\n\t\t\t<\/div><\/figure><figure class='gallery-item'>\n\t\t\t<div class='gallery-icon landscape'>\n\t\t\t\t<img decoding=\"async\" width=\"1024\" height=\"1024\" src=\"https:\/\/metacoach.lv\/wp-content\/uploads\/2025\/04\/3-1024x1024.jpg\" class=\"attachment-large size-large\" alt=\"\" srcset=\"https:\/\/metacoach.lv\/wp-content\/uploads\/2025\/04\/3-1024x1024.jpg 1024w, https:\/\/metacoach.lv\/wp-content\/uploads\/2025\/04\/3-300x300.jpg 300w, https:\/\/metacoach.lv\/wp-content\/uploads\/2025\/04\/3-150x150.jpg 150w, https:\/\/metacoach.lv\/wp-content\/uploads\/2025\/04\/3-768x768.jpg 768w, https:\/\/metacoach.lv\/wp-content\/uploads\/2025\/04\/3-600x600.jpg 600w, https:\/\/metacoach.lv\/wp-content\/uploads\/2025\/04\/3-100x100.jpg 100w, https:\/\/metacoach.lv\/wp-content\/uploads\/2025\/04\/3.jpg 1200w\" sizes=\"(max-width: 1024px) 100vw, 1024px\" \/>\n\t\t\t<\/div><\/figure><figure class='gallery-item'>\n\t\t\t<div class='gallery-icon landscape'>\n\t\t\t\t<img decoding=\"async\" width=\"1024\" height=\"1024\" src=\"https:\/\/metacoach.lv\/wp-content\/uploads\/2025\/04\/4-1024x1024.jpg\" class=\"attachment-large size-large\" alt=\"\" srcset=\"https:\/\/metacoach.lv\/wp-content\/uploads\/2025\/04\/4-1024x1024.jpg 1024w, https:\/\/metacoach.lv\/wp-content\/uploads\/2025\/04\/4-300x300.jpg 300w, https:\/\/metacoach.lv\/wp-content\/uploads\/2025\/04\/4-150x150.jpg 150w, https:\/\/metacoach.lv\/wp-content\/uploads\/2025\/04\/4-768x768.jpg 768w, https:\/\/metacoach.lv\/wp-content\/uploads\/2025\/04\/4-600x600.jpg 600w, https:\/\/metacoach.lv\/wp-content\/uploads\/2025\/04\/4-100x100.jpg 100w, https:\/\/metacoach.lv\/wp-content\/uploads\/2025\/04\/4.jpg 1200w\" sizes=\"(max-width: 1024px) 100vw, 1024px\" \/>\n\t\t\t<\/div><\/figure><figure class='gallery-item'>\n\t\t\t<div class='gallery-icon landscape'>\n\t\t\t\t<img loading=\"lazy\" decoding=\"async\" width=\"1024\" height=\"1024\" src=\"https:\/\/metacoach.lv\/wp-content\/uploads\/2025\/04\/5-1024x1024.jpg\" class=\"attachment-large size-large\" alt=\"\" srcset=\"https:\/\/metacoach.lv\/wp-content\/uploads\/2025\/04\/5-1024x1024.jpg 1024w, https:\/\/metacoach.lv\/wp-content\/uploads\/2025\/04\/5-300x300.jpg 300w, https:\/\/metacoach.lv\/wp-content\/uploads\/2025\/04\/5-150x150.jpg 150w, https:\/\/metacoach.lv\/wp-content\/uploads\/2025\/04\/5-768x768.jpg 768w, https:\/\/metacoach.lv\/wp-content\/uploads\/2025\/04\/5-600x600.jpg 600w, https:\/\/metacoach.lv\/wp-content\/uploads\/2025\/04\/5-100x100.jpg 100w, https:\/\/metacoach.lv\/wp-content\/uploads\/2025\/04\/5.jpg 1200w\" sizes=\"(max-width: 1024px) 100vw, 1024px\" \/>\n\t\t\t<\/div><\/figure><figure class='gallery-item'>\n\t\t\t<div class='gallery-icon landscape'>\n\t\t\t\t<img loading=\"lazy\" decoding=\"async\" width=\"1024\" height=\"1024\" src=\"https:\/\/metacoach.lv\/wp-content\/uploads\/2025\/04\/6-1024x1024.jpg\" class=\"attachment-large size-large\" alt=\"\" srcset=\"https:\/\/metacoach.lv\/wp-content\/uploads\/2025\/04\/6-1024x1024.jpg 1024w, https:\/\/metacoach.lv\/wp-content\/uploads\/2025\/04\/6-300x300.jpg 300w, https:\/\/metacoach.lv\/wp-content\/uploads\/2025\/04\/6-150x150.jpg 150w, https:\/\/metacoach.lv\/wp-content\/uploads\/2025\/04\/6-768x768.jpg 768w, https:\/\/metacoach.lv\/wp-content\/uploads\/2025\/04\/6-600x600.jpg 600w, https:\/\/metacoach.lv\/wp-content\/uploads\/2025\/04\/6-100x100.jpg 100w, https:\/\/metacoach.lv\/wp-content\/uploads\/2025\/04\/6.jpg 1200w\" sizes=\"(max-width: 1024px) 100vw, 1024px\" \/>\n\t\t\t<\/div><\/figure><figure class='gallery-item'>\n\t\t\t<div class='gallery-icon landscape'>\n\t\t\t\t<img loading=\"lazy\" decoding=\"async\" width=\"1024\" height=\"1024\" src=\"https:\/\/metacoach.lv\/wp-content\/uploads\/2025\/04\/7-1024x1024.jpg\" class=\"attachment-large size-large\" alt=\"Blusas - asociat\u012bvi metaforisk\u0101s kart\u012btes un gr\u0101mati\u0146a ar tehnik\u0101m un jaut\u0101jumiem\" srcset=\"https:\/\/metacoach.lv\/wp-content\/uploads\/2025\/04\/7-1024x1024.jpg 1024w, https:\/\/metacoach.lv\/wp-content\/uploads\/2025\/04\/7-300x300.jpg 300w, https:\/\/metacoach.lv\/wp-content\/uploads\/2025\/04\/7-150x150.jpg 150w, https:\/\/metacoach.lv\/wp-content\/uploads\/2025\/04\/7-768x768.jpg 768w, https:\/\/metacoach.lv\/wp-content\/uploads\/2025\/04\/7-600x600.jpg 600w, https:\/\/metacoach.lv\/wp-content\/uploads\/2025\/04\/7-100x100.jpg 100w, https:\/\/metacoach.lv\/wp-content\/uploads\/2025\/04\/7.jpg 1200w\" sizes=\"(max-width: 1024px) 100vw, 1024px\" \/>\n\t\t\t<\/div><\/figure>\n\t\t<\/div>\n\n","protected":false},"excerpt":{"rendered":"<p>Gr\u0101mati\u0146a ar metod\u0113m un jaut\u0101jumiem darbam ar limit\u0113jo\u0161\u0101m dom\u0101m. Komplekt\u0101 ietilpst 81 asociat\u012bvi metaforisk\u0101 kart\u012bte &#8220;Blusas&#8221;.<\/p>\n","protected":false},"featured_media":11037,"template":"","meta":{"_acf_changed":false,"site-sidebar-layout":"default","site-content-layout":"","ast-site-content-layout":"default","site-content-style":"default","site-sidebar-style":"default","ast-global-header-display":"","ast-banner-title-visibility":"","ast-main-header-display":"","ast-hfb-above-header-display":"","ast-hfb-below-header-display":"","ast-hfb-mobile-header-display":"","site-post-title":"","ast-breadcrumbs-content":"","ast-featured-img":"","footer-sml-layout":"","ast-disable-related-posts":"","theme-transparent-header-meta":"default","adv-header-id-meta":"","stick-header-meta":"default","header-above-stick-meta":"","header-main-stick-meta":"","header-below-stick-meta":"","astra-migrate-meta-layouts":"set","ast-page-background-enabled":"default","ast-page-background-meta":{"desktop":{"background-color":"","background-image":"","background-repeat":"repeat","background-position":"center center","background-size":"auto","background-attachment":"scroll","background-type":"","background-media":"","overlay-type":"","overlay-color":"","overlay-opacity":"","overlay-gradient":""},"tablet":{"background-color":"","background-image":"","background-repeat":"repeat","background-position":"center center","background-size":"auto","background-attachment":"scroll","background-type":"","background-media":"","overlay-type":"","overlay-color":"","overlay-opacity":"","overlay-gradient":""},"mobile":{"background-color":"","background-image":"","background-repeat":"repeat","background-position":"center center","background-size":"auto","background-attachment":"scroll","background-type":"","background-media":"","overlay-type":"","overlay-color":"","overlay-opacity":"","overlay-gradient":""}},"ast-content-background-meta":{"desktop":{"background-color":"var(--ast-global-color-5)","background-image":"","background-repeat":"repeat","background-position":"center center","background-size":"auto","background-attachment":"scroll","background-type":"","background-media":"","overlay-type":"","overlay-color":"","overlay-opacity":"","overlay-gradient":""},"tablet":{"background-color":"var(--ast-global-color-5)","background-image":"","background-repeat":"repeat","background-position":"center center","background-size":"auto","background-attachment":"scroll","background-type":"","background-media":"","overlay-type":"","overlay-color":"","overlay-opacity":"","overlay-gradient":""},"mobile":{"background-color":"var(--ast-global-color-5)","background-image":"","background-repeat":"repeat","background-position":"center center","background-size":"auto","background-attachment":"scroll","background-type":"","background-media":"","overlay-type":"","overlay-color":"","overlay-opacity":"","overlay-gradient":""}},"_price":"35","_stock":"","_tribe_ticket_header":"","_tribe_default_ticket_provider":"","_tribe_ticket_capacity":"0","_ticket_start_date":"","_ticket_end_date":"","_tribe_ticket_show_description":"","_tribe_ticket_show_not_going":false,"_tribe_ticket_use_global_stock":"","_tribe_ticket_global_stock_level":"","_global_stock_mode":"","_global_stock_cap":"","_tribe_rsvp_for_event":"","_tribe_ticket_going_count":"","_tribe_ticket_not_going_count":"","_tribe_tickets_list":"[]","_tribe_ticket_has_attendee_info_fields":false,"_tec_slr_enabled":"","_tec_slr_layout":""},"product_brand":[],"product_cat":[1017,1018],"product_tag":[1094,1093,1095,1096],"class_list":{"0":"post-11036","1":"product","2":"type-product","3":"status-publish","4":"has-post-thumbnail","6":"product_cat-gramatas","7":"product_cat-kartinas","8":"product_tag-asociativi-metaforiskas-kartites","9":"product_tag-ierobezojosie-uzskati","10":"product_tag-kartites-blusas","11":"product_tag-tehnikas-darbam-ar-ierobezojam-domam","12":"desktop-align-left","13":"tablet-align-left","14":"mobile-align-left","15":"ast-product-gallery-layout-horizontal-slider","16":"ast-product-tabs-layout-horizontal","18":"first","19":"instock","20":"taxable","21":"shipping-taxable","22":"purchasable","23":"product-type-simple"},"acf":[],"yoast_head":"<!-- This site is optimized with the Yoast SEO Premium plugin v27.4 (Yoast SEO v27.4) - https:\/\/yoast.com\/product\/yoast-seo-premium-wordpress\/ -->\n<title>&quot;Blusas&quot; - gr\u0101mati\u0146a + MAK - MetaCoach<\/title>\n<meta name=\"description\" content=\"Gr\u0101mata\u00a0&quot;Blusas&quot;\u00a0ir praktisks ce\u013cvedis ierobe\u017eojo\u0161o uzskatu identific\u0113\u0161anai un p\u0101rvar\u0113\u0161anai, izmantojot asociat\u012bvi metaforisk\u0101s karti\u0146as. Ieskaties!\" \/>\n<meta name=\"robots\" content=\"index, follow, max-snippet:-1, max-image-preview:large, max-video-preview:-1\" \/>\n<link rel=\"canonical\" href=\"https:\/\/metacoach.lv\/product\/blusas-gramatina-mak\/\" \/>\n<meta property=\"og:locale\" content=\"en_US\" \/>\n<meta property=\"og:type\" content=\"article\" \/>\n<meta property=\"og:title\" content=\"&quot;Blusas&quot; - gr\u0101mati\u0146a + MAK\" \/>\n<meta property=\"og:description\" content=\"Gr\u0101mata\u00a0&quot;Blusas&quot;\u00a0ir praktisks ce\u013cvedis ierobe\u017eojo\u0161o uzskatu identific\u0113\u0161anai un p\u0101rvar\u0113\u0161anai, izmantojot asociat\u012bvi metaforisk\u0101s karti\u0146as. Ieskaties!\" \/>\n<meta property=\"og:url\" content=\"https:\/\/metacoach.lv\/product\/blusas-gramatina-mak\/\" \/>\n<meta property=\"og:site_name\" content=\"MetaCoach\" \/>\n<meta property=\"article:publisher\" content=\"https:\/\/www.facebook.com\/APCLatvija\/\" \/>\n<meta property=\"article:modified_time\" content=\"2025-12-19T14:54:32+00:00\" \/>\n<meta property=\"og:image\" content=\"https:\/\/metacoach.lv\/wp-content\/uploads\/2025\/04\/1.jpg\" \/>\n\t<meta property=\"og:image:width\" content=\"1200\" \/>\n\t<meta property=\"og:image:height\" content=\"1200\" \/>\n\t<meta property=\"og:image:type\" content=\"image\/jpeg\" \/>\n<meta name=\"twitter:card\" content=\"summary_large_image\" \/>\n<meta name=\"twitter:label1\" content=\"Est. reading time\" \/>\n\t<meta name=\"twitter:data1\" content=\"1 minute\" \/>\n<script type=\"application\/ld+json\" class=\"yoast-schema-graph\">{\"@context\":\"https:\\\/\\\/schema.org\",\"@graph\":[{\"@type\":\"WebPage\",\"@id\":\"https:\\\/\\\/metacoach.lv\\\/product\\\/blusas-gramatina-mak\\\/\",\"url\":\"https:\\\/\\\/metacoach.lv\\\/product\\\/blusas-gramatina-mak\\\/\",\"name\":\"\\\"Blusas\\\" - gr\u0101mati\u0146a + MAK - MetaCoach\",\"isPartOf\":{\"@id\":\"https:\\\/\\\/metacoach.lv\\\/#website\"},\"primaryImageOfPage\":{\"@id\":\"https:\\\/\\\/metacoach.lv\\\/product\\\/blusas-gramatina-mak\\\/#primaryimage\"},\"image\":{\"@id\":\"https:\\\/\\\/metacoach.lv\\\/product\\\/blusas-gramatina-mak\\\/#primaryimage\"},\"thumbnailUrl\":\"https:\\\/\\\/metacoach.lv\\\/wp-content\\\/uploads\\\/2025\\\/04\\\/1.jpg\",\"datePublished\":\"2025-04-11T14:51:51+00:00\",\"dateModified\":\"2025-12-19T14:54:32+00:00\",\"description\":\"Gr\u0101mata\u00a0\\\"Blusas\\\"\u00a0ir praktisks ce\u013cvedis ierobe\u017eojo\u0161o uzskatu identific\u0113\u0161anai un p\u0101rvar\u0113\u0161anai, izmantojot asociat\u012bvi metaforisk\u0101s karti\u0146as. Ieskaties!\",\"breadcrumb\":{\"@id\":\"https:\\\/\\\/metacoach.lv\\\/product\\\/blusas-gramatina-mak\\\/#breadcrumb\"},\"inLanguage\":\"en-US\",\"potentialAction\":[{\"@type\":\"ReadAction\",\"target\":[\"https:\\\/\\\/metacoach.lv\\\/product\\\/blusas-gramatina-mak\\\/\"]}]},{\"@type\":\"ImageObject\",\"inLanguage\":\"en-US\",\"@id\":\"https:\\\/\\\/metacoach.lv\\\/product\\\/blusas-gramatina-mak\\\/#primaryimage\",\"url\":\"https:\\\/\\\/metacoach.lv\\\/wp-content\\\/uploads\\\/2025\\\/04\\\/1.jpg\",\"contentUrl\":\"https:\\\/\\\/metacoach.lv\\\/wp-content\\\/uploads\\\/2025\\\/04\\\/1.jpg\",\"width\":1200,\"height\":1200,\"caption\":\"Blusas - asociat\u012bvi metaforisk\u0101s kart\u012btes un gr\u0101mati\u0146a ar tehnik\u0101m\"},{\"@type\":\"BreadcrumbList\",\"@id\":\"https:\\\/\\\/metacoach.lv\\\/product\\\/blusas-gramatina-mak\\\/#breadcrumb\",\"itemListElement\":[{\"@type\":\"ListItem\",\"position\":1,\"name\":\"Home\",\"item\":\"https:\\\/\\\/metacoach.lv\\\/\"},{\"@type\":\"ListItem\",\"position\":2,\"name\":\"Veikals\",\"item\":\"https:\\\/\\\/metacoach.lv\\\/veikals\\\/\"},{\"@type\":\"ListItem\",\"position\":3,\"name\":\"&#8220;Blusas&#8221; &#8211; gr\u0101mati\u0146a + MAK\"}]},{\"@type\":\"WebSite\",\"@id\":\"https:\\\/\\\/metacoach.lv\\\/#website\",\"url\":\"https:\\\/\\\/metacoach.lv\\\/\",\"name\":\"MetaCoach\",\"description\":\"Profesion\u0101lo kou\u010du un l\u012bder\u012bbas apm\u0101c\u012bbas\",\"publisher\":{\"@id\":\"https:\\\/\\\/metacoach.lv\\\/#organization\"},\"potentialAction\":[{\"@type\":\"SearchAction\",\"target\":{\"@type\":\"EntryPoint\",\"urlTemplate\":\"https:\\\/\\\/metacoach.lv\\\/?s={search_term_string}\"},\"query-input\":{\"@type\":\"PropertyValueSpecification\",\"valueRequired\":true,\"valueName\":\"search_term_string\"}}],\"inLanguage\":\"en-US\"},{\"@type\":\"Organization\",\"@id\":\"https:\\\/\\\/metacoach.lv\\\/#organization\",\"name\":\"MetaCoach\",\"url\":\"https:\\\/\\\/metacoach.lv\\\/\",\"logo\":{\"@type\":\"ImageObject\",\"inLanguage\":\"en-US\",\"@id\":\"https:\\\/\\\/metacoach.lv\\\/#\\\/schema\\\/logo\\\/image\\\/\",\"url\":\"https:\\\/\\\/metacoach.lv\\\/wp-content\\\/uploads\\\/2021\\\/12\\\/logo-color.png\",\"contentUrl\":\"https:\\\/\\\/metacoach.lv\\\/wp-content\\\/uploads\\\/2021\\\/12\\\/logo-color.png\",\"width\":256,\"height\":70,\"caption\":\"MetaCoach\"},\"image\":{\"@id\":\"https:\\\/\\\/metacoach.lv\\\/#\\\/schema\\\/logo\\\/image\\\/\"},\"sameAs\":[\"https:\\\/\\\/www.facebook.com\\\/APCLatvija\\\/\",\"https:\\\/\\\/www.instagram.com\\\/metacoach_center\\\/\",\"https:\\\/\\\/www.linkedin.com\\\/company\\\/18811529\\\/admin\\\/\",\"https:\\\/\\\/www.youtube.com\\\/channel\\\/UCBxxPZTVu8s38tl-rmo6xAA\\\/\"]}]}<\/script>\n<!-- \/ Yoast SEO Premium plugin. -->","yoast_head_json":{"title":"\"Blusas\" - gr\u0101mati\u0146a + MAK - MetaCoach","description":"Gr\u0101mata\u00a0\"Blusas\"\u00a0ir praktisks ce\u013cvedis ierobe\u017eojo\u0161o uzskatu identific\u0113\u0161anai un p\u0101rvar\u0113\u0161anai, izmantojot asociat\u012bvi metaforisk\u0101s karti\u0146as. Ieskaties!","robots":{"index":"index","follow":"follow","max-snippet":"max-snippet:-1","max-image-preview":"max-image-preview:large","max-video-preview":"max-video-preview:-1"},"canonical":"https:\/\/metacoach.lv\/product\/blusas-gramatina-mak\/","og_locale":"en_US","og_type":"article","og_title":"\"Blusas\" - gr\u0101mati\u0146a + MAK","og_description":"Gr\u0101mata\u00a0\"Blusas\"\u00a0ir praktisks ce\u013cvedis ierobe\u017eojo\u0161o uzskatu identific\u0113\u0161anai un p\u0101rvar\u0113\u0161anai, izmantojot asociat\u012bvi metaforisk\u0101s karti\u0146as. Ieskaties!","og_url":"https:\/\/metacoach.lv\/product\/blusas-gramatina-mak\/","og_site_name":"MetaCoach","article_publisher":"https:\/\/www.facebook.com\/APCLatvija\/","article_modified_time":"2025-12-19T14:54:32+00:00","og_image":[{"width":1200,"height":1200,"url":"https:\/\/metacoach.lv\/wp-content\/uploads\/2025\/04\/1.jpg","type":"image\/jpeg"}],"twitter_card":"summary_large_image","twitter_misc":{"Est. reading time":"1 minute"},"schema":{"@context":"https:\/\/schema.org","@graph":[{"@type":"WebPage","@id":"https:\/\/metacoach.lv\/product\/blusas-gramatina-mak\/","url":"https:\/\/metacoach.lv\/product\/blusas-gramatina-mak\/","name":"\"Blusas\" - gr\u0101mati\u0146a + MAK - MetaCoach","isPartOf":{"@id":"https:\/\/metacoach.lv\/#website"},"primaryImageOfPage":{"@id":"https:\/\/metacoach.lv\/product\/blusas-gramatina-mak\/#primaryimage"},"image":{"@id":"https:\/\/metacoach.lv\/product\/blusas-gramatina-mak\/#primaryimage"},"thumbnailUrl":"https:\/\/metacoach.lv\/wp-content\/uploads\/2025\/04\/1.jpg","datePublished":"2025-04-11T14:51:51+00:00","dateModified":"2025-12-19T14:54:32+00:00","description":"Gr\u0101mata\u00a0\"Blusas\"\u00a0ir praktisks ce\u013cvedis ierobe\u017eojo\u0161o uzskatu identific\u0113\u0161anai un p\u0101rvar\u0113\u0161anai, izmantojot asociat\u012bvi metaforisk\u0101s karti\u0146as. Ieskaties!","breadcrumb":{"@id":"https:\/\/metacoach.lv\/product\/blusas-gramatina-mak\/#breadcrumb"},"inLanguage":"en-US","potentialAction":[{"@type":"ReadAction","target":["https:\/\/metacoach.lv\/product\/blusas-gramatina-mak\/"]}]},{"@type":"ImageObject","inLanguage":"en-US","@id":"https:\/\/metacoach.lv\/product\/blusas-gramatina-mak\/#primaryimage","url":"https:\/\/metacoach.lv\/wp-content\/uploads\/2025\/04\/1.jpg","contentUrl":"https:\/\/metacoach.lv\/wp-content\/uploads\/2025\/04\/1.jpg","width":1200,"height":1200,"caption":"Blusas - asociat\u012bvi metaforisk\u0101s kart\u012btes un gr\u0101mati\u0146a ar tehnik\u0101m"},{"@type":"BreadcrumbList","@id":"https:\/\/metacoach.lv\/product\/blusas-gramatina-mak\/#breadcrumb","itemListElement":[{"@type":"ListItem","position":1,"name":"Home","item":"https:\/\/metacoach.lv\/"},{"@type":"ListItem","position":2,"name":"Veikals","item":"https:\/\/metacoach.lv\/veikals\/"},{"@type":"ListItem","position":3,"name":"&#8220;Blusas&#8221; &#8211; gr\u0101mati\u0146a + MAK"}]},{"@type":"WebSite","@id":"https:\/\/metacoach.lv\/#website","url":"https:\/\/metacoach.lv\/","name":"MetaCoach","description":"Profesion\u0101lo kou\u010du un l\u012bder\u012bbas apm\u0101c\u012bbas","publisher":{"@id":"https:\/\/metacoach.lv\/#organization"},"potentialAction":[{"@type":"SearchAction","target":{"@type":"EntryPoint","urlTemplate":"https:\/\/metacoach.lv\/?s={search_term_string}"},"query-input":{"@type":"PropertyValueSpecification","valueRequired":true,"valueName":"search_term_string"}}],"inLanguage":"en-US"},{"@type":"Organization","@id":"https:\/\/metacoach.lv\/#organization","name":"MetaCoach","url":"https:\/\/metacoach.lv\/","logo":{"@type":"ImageObject","inLanguage":"en-US","@id":"https:\/\/metacoach.lv\/#\/schema\/logo\/image\/","url":"https:\/\/metacoach.lv\/wp-content\/uploads\/2021\/12\/logo-color.png","contentUrl":"https:\/\/metacoach.lv\/wp-content\/uploads\/2021\/12\/logo-color.png","width":256,"height":70,"caption":"MetaCoach"},"image":{"@id":"https:\/\/metacoach.lv\/#\/schema\/logo\/image\/"},"sameAs":["https:\/\/www.facebook.com\/APCLatvija\/","https:\/\/www.instagram.com\/metacoach_center\/","https:\/\/www.linkedin.com\/company\/18811529\/admin\/","https:\/\/www.youtube.com\/channel\/UCBxxPZTVu8s38tl-rmo6xAA\/"]}]}},"_links":{"self":[{"href":"https:\/\/metacoach.lv\/en\/wp-json\/wp\/v2\/product\/11036","targetHints":{"allow":["GET"]}}],"collection":[{"href":"https:\/\/metacoach.lv\/en\/wp-json\/wp\/v2\/product"}],"about":[{"href":"https:\/\/metacoach.lv\/en\/wp-json\/wp\/v2\/types\/product"}],"wp:featuredmedia":[{"embeddable":true,"href":"https:\/\/metacoach.lv\/en\/wp-json\/wp\/v2\/media\/11037"}],"wp:attachment":[{"href":"https:\/\/metacoach.lv\/en\/wp-json\/wp\/v2\/media?parent=11036"}],"wp:term":[{"taxonomy":"product_brand","embeddable":true,"href":"https:\/\/metacoach.lv\/en\/wp-json\/wp\/v2\/product_brand?post=11036"},{"taxonomy":"product_cat","embeddable":true,"href":"https:\/\/metacoach.lv\/en\/wp-json\/wp\/v2\/product_cat?post=11036"},{"taxonomy":"product_tag","embeddable":true,"href":"https:\/\/metacoach.lv\/en\/wp-json\/wp\/v2\/product_tag?post=11036"}],"curies":[{"name":"wp","href":"https:\/\/api.w.org\/{rel}","templated":true}]}}