{"id":10529,"date":"2025-02-02T08:07:08","date_gmt":"2025-02-02T08:07:08","guid":{"rendered":"https:\/\/test.metacoach.lv\/?post_type=product&#038;p=10529"},"modified":"2025-02-02T08:07:09","modified_gmt":"2025-02-02T08:07:09","slug":"merkis-vertibas-darba-lapa","status":"publish","type":"product","link":"https:\/\/metacoach.lv\/en\/product\/merkis-vertibas-darba-lapa\/","title":{"rendered":"M\u0112R\u0136IS \u2013 V\u0112RT\u012aBAS \u2013 DARBA LAPA"},"content":{"rendered":"","protected":false},"excerpt":{"rendered":"<p>Metode m\u0113r\u0137u izvirz\u012b\u0161anai, motiv\u0101cijas cel\u0161anai, pa\u0161p\u0101rliec\u012bbas palielin\u0101\u0161anai.<\/p>\n","protected":false},"featured_media":10530,"template":"","meta":{"_acf_changed":false,"site-sidebar-layout":"default","site-content-layout":"","ast-site-content-layout":"default","site-content-style":"default","site-sidebar-style":"default","ast-global-header-display":"","ast-banner-title-visibility":"","ast-main-header-display":"","ast-hfb-above-header-display":"","ast-hfb-below-header-display":"","ast-hfb-mobile-header-display":"","site-post-title":"","ast-breadcrumbs-content":"","ast-featured-img":"","footer-sml-layout":"","ast-disable-related-posts":"","theme-transparent-header-meta":"default","adv-header-id-meta":"","stick-header-meta":"default","header-above-stick-meta":"","header-main-stick-meta":"","header-below-stick-meta":"","astra-migrate-meta-layouts":"set","ast-page-background-enabled":"default","ast-page-background-meta":{"desktop":{"background-color":"","background-image":"","background-repeat":"repeat","background-position":"center center","background-size":"auto","background-attachment":"scroll","background-type":"","background-media":"","overlay-type":"","overlay-color":"","overlay-opacity":"","overlay-gradient":""},"tablet":{"background-color":"","background-image":"","background-repeat":"repeat","background-position":"center center","background-size":"auto","background-attachment":"scroll","background-type":"","background-media":"","overlay-type":"","overlay-color":"","overlay-opacity":"","overlay-gradient":""},"mobile":{"background-color":"","background-image":"","background-repeat":"repeat","background-position":"center center","background-size":"auto","background-attachment":"scroll","background-type":"","background-media":"","overlay-type":"","overlay-color":"","overlay-opacity":"","overlay-gradient":""}},"ast-content-background-meta":{"desktop":{"background-color":"var(--ast-global-color-5)","background-image":"","background-repeat":"repeat","background-position":"center center","background-size":"auto","background-attachment":"scroll","background-type":"","background-media":"","overlay-type":"","overlay-color":"","overlay-opacity":"","overlay-gradient":""},"tablet":{"background-color":"var(--ast-global-color-5)","background-image":"","background-repeat":"repeat","background-position":"center center","background-size":"auto","background-attachment":"scroll","background-type":"","background-media":"","overlay-type":"","overlay-color":"","overlay-opacity":"","overlay-gradient":""},"mobile":{"background-color":"var(--ast-global-color-5)","background-image":"","background-repeat":"repeat","background-position":"center center","background-size":"auto","background-attachment":"scroll","background-type":"","background-media":"","overlay-type":"","overlay-color":"","overlay-opacity":"","overlay-gradient":""}},"_price":"0","_stock":"","_tribe_ticket_header":"","_tribe_default_ticket_provider":"","_tribe_ticket_capacity":"0","_ticket_start_date":"","_ticket_end_date":"","_tribe_ticket_show_description":"","_tribe_ticket_show_not_going":false,"_tribe_ticket_use_global_stock":"","_tribe_ticket_global_stock_level":"","_global_stock_mode":"","_global_stock_cap":"","_tribe_rsvp_for_event":"","_tribe_ticket_going_count":"","_tribe_ticket_not_going_count":"","_tribe_tickets_list":"[]","_tribe_ticket_has_attendee_info_fields":false,"_tec_slr_enabled":"","_tec_slr_layout":""},"product_brand":[],"product_cat":[1019],"product_tag":[],"class_list":{"0":"post-10529","1":"product","2":"type-product","3":"status-publish","4":"has-post-thumbnail","6":"product_cat-darba-lapas","7":"desktop-align-left","8":"tablet-align-left","9":"mobile-align-left","10":"ast-product-gallery-layout-horizontal-slider","11":"ast-product-gallery-with-no-image","12":"ast-product-tabs-layout-horizontal","14":"first","15":"instock","16":"downloadable","17":"virtual","18":"purchasable","19":"product-type-simple"},"acf":[],"yoast_head":"<!-- This site is optimized with the Yoast SEO Premium plugin v27.4 (Yoast SEO v27.4) - https:\/\/yoast.com\/product\/yoast-seo-premium-wordpress\/ -->\n<title>M\u0112R\u0136IS \u2013 V\u0112RT\u012aBAS \u2013 DARBA LAPA - MetaCoach<\/title>\n<meta name=\"robots\" content=\"index, follow, max-snippet:-1, max-image-preview:large, max-video-preview:-1\" \/>\n<link rel=\"canonical\" href=\"https:\/\/metacoach.lv\/product\/merkis-vertibas-darba-lapa\/\" \/>\n<meta property=\"og:locale\" content=\"en_US\" \/>\n<meta property=\"og:type\" content=\"article\" \/>\n<meta property=\"og:title\" content=\"M\u0112R\u0136IS \u2013 V\u0112RT\u012aBAS \u2013 DARBA LAPA\" \/>\n<meta property=\"og:description\" content=\"Metode m\u0113r\u0137u izvirz\u012b\u0161anai, motiv\u0101cijas cel\u0161anai, pa\u0161p\u0101rliec\u012bbas palielin\u0101\u0161anai.\" \/>\n<meta property=\"og:url\" content=\"https:\/\/metacoach.lv\/product\/merkis-vertibas-darba-lapa\/\" \/>\n<meta property=\"og:site_name\" content=\"MetaCoach\" \/>\n<meta property=\"article:publisher\" content=\"https:\/\/www.facebook.com\/APCLatvija\/\" \/>\n<meta property=\"article:modified_time\" content=\"2025-02-02T08:07:09+00:00\" \/>\n<meta property=\"og:image\" content=\"https:\/\/metacoach.lv\/wp-content\/uploads\/2025\/02\/MERKIS-VERTIBAS-DARBA-LAPA.png\" \/>\n\t<meta property=\"og:image:width\" content=\"788\" \/>\n\t<meta property=\"og:image:height\" content=\"1121\" \/>\n\t<meta property=\"og:image:type\" content=\"image\/png\" \/>\n<meta name=\"twitter:card\" content=\"summary_large_image\" \/>\n<script type=\"application\/ld+json\" class=\"yoast-schema-graph\">{\"@context\":\"https:\\\/\\\/schema.org\",\"@graph\":[{\"@type\":\"WebPage\",\"@id\":\"https:\\\/\\\/metacoach.lv\\\/product\\\/merkis-vertibas-darba-lapa\\\/\",\"url\":\"https:\\\/\\\/metacoach.lv\\\/product\\\/merkis-vertibas-darba-lapa\\\/\",\"name\":\"M\u0112R\u0136IS \u2013 V\u0112RT\u012aBAS \u2013 DARBA LAPA - MetaCoach\",\"isPartOf\":{\"@id\":\"https:\\\/\\\/metacoach.lv\\\/#website\"},\"primaryImageOfPage\":{\"@id\":\"https:\\\/\\\/metacoach.lv\\\/product\\\/merkis-vertibas-darba-lapa\\\/#primaryimage\"},\"image\":{\"@id\":\"https:\\\/\\\/metacoach.lv\\\/product\\\/merkis-vertibas-darba-lapa\\\/#primaryimage\"},\"thumbnailUrl\":\"https:\\\/\\\/metacoach.lv\\\/wp-content\\\/uploads\\\/2025\\\/02\\\/MERKIS-VERTIBAS-DARBA-LAPA.png\",\"datePublished\":\"2025-02-02T08:07:08+00:00\",\"dateModified\":\"2025-02-02T08:07:09+00:00\",\"breadcrumb\":{\"@id\":\"https:\\\/\\\/metacoach.lv\\\/product\\\/merkis-vertibas-darba-lapa\\\/#breadcrumb\"},\"inLanguage\":\"en-US\",\"potentialAction\":[{\"@type\":\"ReadAction\",\"target\":[\"https:\\\/\\\/metacoach.lv\\\/product\\\/merkis-vertibas-darba-lapa\\\/\"]}]},{\"@type\":\"ImageObject\",\"inLanguage\":\"en-US\",\"@id\":\"https:\\\/\\\/metacoach.lv\\\/product\\\/merkis-vertibas-darba-lapa\\\/#primaryimage\",\"url\":\"https:\\\/\\\/metacoach.lv\\\/wp-content\\\/uploads\\\/2025\\\/02\\\/MERKIS-VERTIBAS-DARBA-LAPA.png\",\"contentUrl\":\"https:\\\/\\\/metacoach.lv\\\/wp-content\\\/uploads\\\/2025\\\/02\\\/MERKIS-VERTIBAS-DARBA-LAPA.png\",\"width\":788,\"height\":1121},{\"@type\":\"BreadcrumbList\",\"@id\":\"https:\\\/\\\/metacoach.lv\\\/product\\\/merkis-vertibas-darba-lapa\\\/#breadcrumb\",\"itemListElement\":[{\"@type\":\"ListItem\",\"position\":1,\"name\":\"Home\",\"item\":\"https:\\\/\\\/metacoach.lv\\\/\"},{\"@type\":\"ListItem\",\"position\":2,\"name\":\"Veikals\",\"item\":\"https:\\\/\\\/metacoach.lv\\\/veikals\\\/\"},{\"@type\":\"ListItem\",\"position\":3,\"name\":\"M\u0112R\u0136IS \u2013 V\u0112RT\u012aBAS \u2013 DARBA LAPA\"}]},{\"@type\":\"WebSite\",\"@id\":\"https:\\\/\\\/metacoach.lv\\\/#website\",\"url\":\"https:\\\/\\\/metacoach.lv\\\/\",\"name\":\"MetaCoach\",\"description\":\"Profesion\u0101lo kou\u010du un l\u012bder\u012bbas apm\u0101c\u012bbas\",\"publisher\":{\"@id\":\"https:\\\/\\\/metacoach.lv\\\/#organization\"},\"potentialAction\":[{\"@type\":\"SearchAction\",\"target\":{\"@type\":\"EntryPoint\",\"urlTemplate\":\"https:\\\/\\\/metacoach.lv\\\/?s={search_term_string}\"},\"query-input\":{\"@type\":\"PropertyValueSpecification\",\"valueRequired\":true,\"valueName\":\"search_term_string\"}}],\"inLanguage\":\"en-US\"},{\"@type\":\"Organization\",\"@id\":\"https:\\\/\\\/metacoach.lv\\\/#organization\",\"name\":\"MetaCoach\",\"url\":\"https:\\\/\\\/metacoach.lv\\\/\",\"logo\":{\"@type\":\"ImageObject\",\"inLanguage\":\"en-US\",\"@id\":\"https:\\\/\\\/metacoach.lv\\\/#\\\/schema\\\/logo\\\/image\\\/\",\"url\":\"https:\\\/\\\/metacoach.lv\\\/wp-content\\\/uploads\\\/2021\\\/12\\\/logo-color.png\",\"contentUrl\":\"https:\\\/\\\/metacoach.lv\\\/wp-content\\\/uploads\\\/2021\\\/12\\\/logo-color.png\",\"width\":256,\"height\":70,\"caption\":\"MetaCoach\"},\"image\":{\"@id\":\"https:\\\/\\\/metacoach.lv\\\/#\\\/schema\\\/logo\\\/image\\\/\"},\"sameAs\":[\"https:\\\/\\\/www.facebook.com\\\/APCLatvija\\\/\",\"https:\\\/\\\/www.instagram.com\\\/metacoach_center\\\/\",\"https:\\\/\\\/www.linkedin.com\\\/company\\\/18811529\\\/admin\\\/\",\"https:\\\/\\\/www.youtube.com\\\/channel\\\/UCBxxPZTVu8s38tl-rmo6xAA\\\/\"]}]}<\/script>\n<!-- \/ Yoast SEO Premium plugin. -->","yoast_head_json":{"title":"M\u0112R\u0136IS \u2013 V\u0112RT\u012aBAS \u2013 DARBA LAPA - MetaCoach","robots":{"index":"index","follow":"follow","max-snippet":"max-snippet:-1","max-image-preview":"max-image-preview:large","max-video-preview":"max-video-preview:-1"},"canonical":"https:\/\/metacoach.lv\/product\/merkis-vertibas-darba-lapa\/","og_locale":"en_US","og_type":"article","og_title":"M\u0112R\u0136IS \u2013 V\u0112RT\u012aBAS \u2013 DARBA LAPA","og_description":"Metode m\u0113r\u0137u izvirz\u012b\u0161anai, motiv\u0101cijas cel\u0161anai, pa\u0161p\u0101rliec\u012bbas palielin\u0101\u0161anai.","og_url":"https:\/\/metacoach.lv\/product\/merkis-vertibas-darba-lapa\/","og_site_name":"MetaCoach","article_publisher":"https:\/\/www.facebook.com\/APCLatvija\/","article_modified_time":"2025-02-02T08:07:09+00:00","og_image":[{"width":788,"height":1121,"url":"https:\/\/metacoach.lv\/wp-content\/uploads\/2025\/02\/MERKIS-VERTIBAS-DARBA-LAPA.png","type":"image\/png"}],"twitter_card":"summary_large_image","schema":{"@context":"https:\/\/schema.org","@graph":[{"@type":"WebPage","@id":"https:\/\/metacoach.lv\/product\/merkis-vertibas-darba-lapa\/","url":"https:\/\/metacoach.lv\/product\/merkis-vertibas-darba-lapa\/","name":"M\u0112R\u0136IS \u2013 V\u0112RT\u012aBAS \u2013 DARBA LAPA - MetaCoach","isPartOf":{"@id":"https:\/\/metacoach.lv\/#website"},"primaryImageOfPage":{"@id":"https:\/\/metacoach.lv\/product\/merkis-vertibas-darba-lapa\/#primaryimage"},"image":{"@id":"https:\/\/metacoach.lv\/product\/merkis-vertibas-darba-lapa\/#primaryimage"},"thumbnailUrl":"https:\/\/metacoach.lv\/wp-content\/uploads\/2025\/02\/MERKIS-VERTIBAS-DARBA-LAPA.png","datePublished":"2025-02-02T08:07:08+00:00","dateModified":"2025-02-02T08:07:09+00:00","breadcrumb":{"@id":"https:\/\/metacoach.lv\/product\/merkis-vertibas-darba-lapa\/#breadcrumb"},"inLanguage":"en-US","potentialAction":[{"@type":"ReadAction","target":["https:\/\/metacoach.lv\/product\/merkis-vertibas-darba-lapa\/"]}]},{"@type":"ImageObject","inLanguage":"en-US","@id":"https:\/\/metacoach.lv\/product\/merkis-vertibas-darba-lapa\/#primaryimage","url":"https:\/\/metacoach.lv\/wp-content\/uploads\/2025\/02\/MERKIS-VERTIBAS-DARBA-LAPA.png","contentUrl":"https:\/\/metacoach.lv\/wp-content\/uploads\/2025\/02\/MERKIS-VERTIBAS-DARBA-LAPA.png","width":788,"height":1121},{"@type":"BreadcrumbList","@id":"https:\/\/metacoach.lv\/product\/merkis-vertibas-darba-lapa\/#breadcrumb","itemListElement":[{"@type":"ListItem","position":1,"name":"Home","item":"https:\/\/metacoach.lv\/"},{"@type":"ListItem","position":2,"name":"Veikals","item":"https:\/\/metacoach.lv\/veikals\/"},{"@type":"ListItem","position":3,"name":"M\u0112R\u0136IS \u2013 V\u0112RT\u012aBAS \u2013 DARBA LAPA"}]},{"@type":"WebSite","@id":"https:\/\/metacoach.lv\/#website","url":"https:\/\/metacoach.lv\/","name":"MetaCoach","description":"Profesion\u0101lo kou\u010du un l\u012bder\u012bbas apm\u0101c\u012bbas","publisher":{"@id":"https:\/\/metacoach.lv\/#organization"},"potentialAction":[{"@type":"SearchAction","target":{"@type":"EntryPoint","urlTemplate":"https:\/\/metacoach.lv\/?s={search_term_string}"},"query-input":{"@type":"PropertyValueSpecification","valueRequired":true,"valueName":"search_term_string"}}],"inLanguage":"en-US"},{"@type":"Organization","@id":"https:\/\/metacoach.lv\/#organization","name":"MetaCoach","url":"https:\/\/metacoach.lv\/","logo":{"@type":"ImageObject","inLanguage":"en-US","@id":"https:\/\/metacoach.lv\/#\/schema\/logo\/image\/","url":"https:\/\/metacoach.lv\/wp-content\/uploads\/2021\/12\/logo-color.png","contentUrl":"https:\/\/metacoach.lv\/wp-content\/uploads\/2021\/12\/logo-color.png","width":256,"height":70,"caption":"MetaCoach"},"image":{"@id":"https:\/\/metacoach.lv\/#\/schema\/logo\/image\/"},"sameAs":["https:\/\/www.facebook.com\/APCLatvija\/","https:\/\/www.instagram.com\/metacoach_center\/","https:\/\/www.linkedin.com\/company\/18811529\/admin\/","https:\/\/www.youtube.com\/channel\/UCBxxPZTVu8s38tl-rmo6xAA\/"]}]}},"_links":{"self":[{"href":"https:\/\/metacoach.lv\/en\/wp-json\/wp\/v2\/product\/10529","targetHints":{"allow":["GET"]}}],"collection":[{"href":"https:\/\/metacoach.lv\/en\/wp-json\/wp\/v2\/product"}],"about":[{"href":"https:\/\/metacoach.lv\/en\/wp-json\/wp\/v2\/types\/product"}],"wp:featuredmedia":[{"embeddable":true,"href":"https:\/\/metacoach.lv\/en\/wp-json\/wp\/v2\/media\/10530"}],"wp:attachment":[{"href":"https:\/\/metacoach.lv\/en\/wp-json\/wp\/v2\/media?parent=10529"}],"wp:term":[{"taxonomy":"product_brand","embeddable":true,"href":"https:\/\/metacoach.lv\/en\/wp-json\/wp\/v2\/product_brand?post=10529"},{"taxonomy":"product_cat","embeddable":true,"href":"https:\/\/metacoach.lv\/en\/wp-json\/wp\/v2\/product_cat?post=10529"},{"taxonomy":"product_tag","embeddable":true,"href":"https:\/\/metacoach.lv\/en\/wp-json\/wp\/v2\/product_tag?post=10529"}],"curies":[{"name":"wp","href":"https:\/\/api.w.org\/{rel}","templated":true}]}}