{"id":10500,"date":"2025-02-02T06:47:19","date_gmt":"2025-02-02T06:47:19","guid":{"rendered":"https:\/\/test.metacoach.lv\/?post_type=product&#038;p=10500"},"modified":"2025-02-17T08:50:48","modified_gmt":"2025-02-17T08:50:48","slug":"koucinga-riku-rokasgramata","status":"publish","type":"product","link":"https:\/\/metacoach.lv\/en\/product\/koucinga-riku-rokasgramata\/","title":{"rendered":"KOU\u010cINGA R\u012aKU ROKASGR\u0100MATA"},"content":{"rendered":"","protected":false},"excerpt":{"rendered":"<p><strong>FREE<\/strong><\/p>\n<p><span style=\"font-size: 16px;\">Rokasgr\u0101mata ietver interakt\u012bvas kou\u010dinga metodes publisk\u0101 sektora darbiniekiem k\u0101 l\u012bdzekli publisko pakalpojumu uzlabo\u0161anai. Aprakst\u012bt\u0101s metodes ir izv\u0113l\u0113tas, lai veicin\u0101tu vid\u0113j\u0101 un zem\u0101k\u0101 l\u012bme\u0146a vad\u012bt\u0101ju pa\u0161att\u012bst\u012bbu un uzlabotu vi\u0146u prasmes veidot maz\u0101k saspringtu darba vidi.<\/span><\/p>\n<div class=\"page\" title=\"Page 1\">\n<div class=\"section\">\n<div class=\"layoutArea\">\n<div class=\"column\">\n<p>To izstr\u0101d\u0101ja Valsts administr\u0101cijas skola (VAS) sadarb\u012bb\u0101 ar KSAP \u2013 Valsts administr\u0101cijas skolu Polij\u0101, SIP \u2013 Society in Progress Grie\u0137ij\u0101 un MetaCoach Latvij\u0101 ES programmas Erasmus plus projekta \u201cKou\u010dinga instrumentu pilnveido\u0161ana un ievie\u0161ana publisk\u0101s p\u0101rvaldes darba kvalit\u0101tes uzlabo\u0161anai\u201d (Coaching Techniques For The Public Sector As A Tool To Improvement Of The Public Services; Nr. 2020-1-LV01-KA202-077571) ietvaros. Projekta komanda apvienoja savas zin\u0101\u0161anas un pieredzi, lai izveidotu \u0161o kou\u010dinga r\u012bku rokasgr\u0101matu, un p\u0101rbaud\u012bja to praks\u0113, apm\u0101cot pilotgrupas vis\u0101s tr\u012bs valst\u012bs.<\/p>\n<p>Programma, kas tika pied\u0101v\u0101ta vad\u012bt\u0101jiem \u0161\u012b projekta ietvaros, ir pieejama apskatei <a href=\"https:\/\/metacoach.lv\/apmacibu-programmas\/erasmus-projekta-koucinga-macibu-programma\/\"><strong>\u0160EIT<\/strong><\/a>.<\/p>\n<\/div>\n<\/div>\n<\/div>\n<\/div>\n","protected":false},"featured_media":7875,"template":"","meta":{"_acf_changed":false,"site-sidebar-layout":"default","site-content-layout":"","ast-site-content-layout":"default","site-content-style":"default","site-sidebar-style":"default","ast-global-header-display":"","ast-banner-title-visibility":"","ast-main-header-display":"","ast-hfb-above-header-display":"","ast-hfb-below-header-display":"","ast-hfb-mobile-header-display":"","site-post-title":"","ast-breadcrumbs-content":"","ast-featured-img":"","footer-sml-layout":"","ast-disable-related-posts":"","theme-transparent-header-meta":"default","adv-header-id-meta":"","stick-header-meta":"default","header-above-stick-meta":"","header-main-stick-meta":"","header-below-stick-meta":"","astra-migrate-meta-layouts":"set","ast-page-background-enabled":"default","ast-page-background-meta":{"desktop":{"background-color":"","background-image":"","background-repeat":"repeat","background-position":"center center","background-size":"auto","background-attachment":"scroll","background-type":"","background-media":"","overlay-type":"","overlay-color":"","overlay-opacity":"","overlay-gradient":""},"tablet":{"background-color":"","background-image":"","background-repeat":"repeat","background-position":"center center","background-size":"auto","background-attachment":"scroll","background-type":"","background-media":"","overlay-type":"","overlay-color":"","overlay-opacity":"","overlay-gradient":""},"mobile":{"background-color":"","background-image":"","background-repeat":"repeat","background-position":"center center","background-size":"auto","background-attachment":"scroll","background-type":"","background-media":"","overlay-type":"","overlay-color":"","overlay-opacity":"","overlay-gradient":""}},"ast-content-background-meta":{"desktop":{"background-color":"var(--ast-global-color-5)","background-image":"","background-repeat":"repeat","background-position":"center center","background-size":"auto","background-attachment":"scroll","background-type":"","background-media":"","overlay-type":"","overlay-color":"","overlay-opacity":"","overlay-gradient":""},"tablet":{"background-color":"var(--ast-global-color-5)","background-image":"","background-repeat":"repeat","background-position":"center center","background-size":"auto","background-attachment":"scroll","background-type":"","background-media":"","overlay-type":"","overlay-color":"","overlay-opacity":"","overlay-gradient":""},"mobile":{"background-color":"var(--ast-global-color-5)","background-image":"","background-repeat":"repeat","background-position":"center center","background-size":"auto","background-attachment":"scroll","background-type":"","background-media":"","overlay-type":"","overlay-color":"","overlay-opacity":"","overlay-gradient":""}},"_price":"0","_stock":"","_tribe_ticket_header":"","_tribe_default_ticket_provider":"","_tribe_ticket_capacity":"0","_ticket_start_date":"","_ticket_end_date":"","_tribe_ticket_show_description":"","_tribe_ticket_show_not_going":false,"_tribe_ticket_use_global_stock":"","_tribe_ticket_global_stock_level":"","_global_stock_mode":"","_global_stock_cap":"","_tribe_rsvp_for_event":"","_tribe_ticket_going_count":"","_tribe_ticket_not_going_count":"","_tribe_tickets_list":"[]","_tribe_ticket_has_attendee_info_fields":false,"_tec_slr_enabled":"","_tec_slr_layout":""},"product_brand":[],"product_cat":[1017],"product_tag":[],"class_list":{"0":"post-10500","1":"product","2":"type-product","3":"status-publish","4":"has-post-thumbnail","6":"product_cat-gramatas","7":"desktop-align-left","8":"tablet-align-left","9":"mobile-align-left","10":"ast-product-gallery-layout-horizontal-slider","11":"ast-product-gallery-with-no-image","12":"ast-product-tabs-layout-horizontal","14":"first","15":"instock","16":"downloadable","17":"virtual","18":"purchasable","19":"product-type-simple"},"acf":[],"yoast_head":"<!-- This site is optimized with the Yoast SEO Premium plugin v27.4 (Yoast SEO v27.4) - https:\/\/yoast.com\/product\/yoast-seo-premium-wordpress\/ -->\n<title>KOU\u010cINGA R\u012aKU ROKASGR\u0100MATA - MetaCoach<\/title>\n<meta name=\"robots\" content=\"index, follow, max-snippet:-1, max-image-preview:large, max-video-preview:-1\" \/>\n<link rel=\"canonical\" href=\"https:\/\/metacoach.lv\/product\/koucinga-riku-rokasgramata\/\" \/>\n<meta property=\"og:locale\" content=\"en_US\" \/>\n<meta property=\"og:type\" content=\"article\" \/>\n<meta property=\"og:title\" content=\"KOU\u010cINGA R\u012aKU ROKASGR\u0100MATA\" \/>\n<meta property=\"og:description\" content=\"FREE  Rokasgr\u0101mata ietver interakt\u012bvas kou\u010dinga metodes publisk\u0101 sektora darbiniekiem k\u0101 l\u012bdzekli publisko pakalpojumu uzlabo\u0161anai. Aprakst\u012bt\u0101s metodes ir izv\u0113l\u0113tas, lai veicin\u0101tu vid\u0113j\u0101 un zem\u0101k\u0101 l\u012bme\u0146a vad\u012bt\u0101ju pa\u0161att\u012bst\u012bbu un uzlabotu vi\u0146u prasmes veidot maz\u0101k saspringtu darba vidi.      To izstr\u0101d\u0101ja Valsts administr\u0101cijas skola (VAS) sadarb\u012bb\u0101 ar KSAP \u2013 Valsts administr\u0101cijas skolu Polij\u0101, SIP \u2013 Society in Progress Grie\u0137ij\u0101 un MetaCoach Latvij\u0101 ES programmas Erasmus plus projekta \u201cKou\u010dinga instrumentu pilnveido\u0161ana un ievie\u0161ana publisk\u0101s p\u0101rvaldes darba kvalit\u0101tes uzlabo\u0161anai\u201d (Coaching Techniques For The Public Sector As A Tool To Improvement Of The Public Services; Nr. 2020-1-LV01-KA202-077571) ietvaros. Projekta komanda apvienoja savas zin\u0101\u0161anas un pieredzi, lai izveidotu \u0161o kou\u010dinga r\u012bku rokasgr\u0101matu, un p\u0101rbaud\u012bja to praks\u0113, apm\u0101cot pilotgrupas vis\u0101s tr\u012bs valst\u012bs.  Programma, kas tika pied\u0101v\u0101ta vad\u012bt\u0101jiem \u0161\u012b projekta ietvaros, ir pieejama apskatei \u0160EIT.\" \/>\n<meta property=\"og:url\" content=\"https:\/\/metacoach.lv\/product\/koucinga-riku-rokasgramata\/\" \/>\n<meta property=\"og:site_name\" content=\"MetaCoach\" \/>\n<meta property=\"article:publisher\" content=\"https:\/\/www.facebook.com\/APCLatvija\/\" \/>\n<meta property=\"article:modified_time\" content=\"2025-02-17T08:50:48+00:00\" \/>\n<meta property=\"og:image\" content=\"https:\/\/metacoach.lv\/wp-content\/uploads\/2022\/09\/1.png\" \/>\n\t<meta property=\"og:image:width\" content=\"838\" \/>\n\t<meta property=\"og:image:height\" content=\"1191\" \/>\n\t<meta property=\"og:image:type\" content=\"image\/png\" \/>\n<meta name=\"twitter:card\" content=\"summary_large_image\" \/>\n<script type=\"application\/ld+json\" class=\"yoast-schema-graph\">{\"@context\":\"https:\\\/\\\/schema.org\",\"@graph\":[{\"@type\":\"WebPage\",\"@id\":\"https:\\\/\\\/metacoach.lv\\\/product\\\/koucinga-riku-rokasgramata\\\/\",\"url\":\"https:\\\/\\\/metacoach.lv\\\/product\\\/koucinga-riku-rokasgramata\\\/\",\"name\":\"KOU\u010cINGA R\u012aKU ROKASGR\u0100MATA - MetaCoach\",\"isPartOf\":{\"@id\":\"https:\\\/\\\/metacoach.lv\\\/#website\"},\"primaryImageOfPage\":{\"@id\":\"https:\\\/\\\/metacoach.lv\\\/product\\\/koucinga-riku-rokasgramata\\\/#primaryimage\"},\"image\":{\"@id\":\"https:\\\/\\\/metacoach.lv\\\/product\\\/koucinga-riku-rokasgramata\\\/#primaryimage\"},\"thumbnailUrl\":\"https:\\\/\\\/metacoach.lv\\\/wp-content\\\/uploads\\\/2022\\\/09\\\/1.png\",\"datePublished\":\"2025-02-02T06:47:19+00:00\",\"dateModified\":\"2025-02-17T08:50:48+00:00\",\"breadcrumb\":{\"@id\":\"https:\\\/\\\/metacoach.lv\\\/product\\\/koucinga-riku-rokasgramata\\\/#breadcrumb\"},\"inLanguage\":\"en-US\",\"potentialAction\":[{\"@type\":\"ReadAction\",\"target\":[\"https:\\\/\\\/metacoach.lv\\\/product\\\/koucinga-riku-rokasgramata\\\/\"]}]},{\"@type\":\"ImageObject\",\"inLanguage\":\"en-US\",\"@id\":\"https:\\\/\\\/metacoach.lv\\\/product\\\/koucinga-riku-rokasgramata\\\/#primaryimage\",\"url\":\"https:\\\/\\\/metacoach.lv\\\/wp-content\\\/uploads\\\/2022\\\/09\\\/1.png\",\"contentUrl\":\"https:\\\/\\\/metacoach.lv\\\/wp-content\\\/uploads\\\/2022\\\/09\\\/1.png\",\"width\":838,\"height\":1191,\"caption\":\"Kou\u010dinga r\u012bku rokasgr\u0101mata\"},{\"@type\":\"BreadcrumbList\",\"@id\":\"https:\\\/\\\/metacoach.lv\\\/product\\\/koucinga-riku-rokasgramata\\\/#breadcrumb\",\"itemListElement\":[{\"@type\":\"ListItem\",\"position\":1,\"name\":\"Home\",\"item\":\"https:\\\/\\\/metacoach.lv\\\/\"},{\"@type\":\"ListItem\",\"position\":2,\"name\":\"Veikals\",\"item\":\"https:\\\/\\\/metacoach.lv\\\/veikals\\\/\"},{\"@type\":\"ListItem\",\"position\":3,\"name\":\"KOU\u010cINGA R\u012aKU ROKASGR\u0100MATA\"}]},{\"@type\":\"WebSite\",\"@id\":\"https:\\\/\\\/metacoach.lv\\\/#website\",\"url\":\"https:\\\/\\\/metacoach.lv\\\/\",\"name\":\"MetaCoach\",\"description\":\"Profesion\u0101lo kou\u010du un l\u012bder\u012bbas apm\u0101c\u012bbas\",\"publisher\":{\"@id\":\"https:\\\/\\\/metacoach.lv\\\/#organization\"},\"potentialAction\":[{\"@type\":\"SearchAction\",\"target\":{\"@type\":\"EntryPoint\",\"urlTemplate\":\"https:\\\/\\\/metacoach.lv\\\/?s={search_term_string}\"},\"query-input\":{\"@type\":\"PropertyValueSpecification\",\"valueRequired\":true,\"valueName\":\"search_term_string\"}}],\"inLanguage\":\"en-US\"},{\"@type\":\"Organization\",\"@id\":\"https:\\\/\\\/metacoach.lv\\\/#organization\",\"name\":\"MetaCoach\",\"url\":\"https:\\\/\\\/metacoach.lv\\\/\",\"logo\":{\"@type\":\"ImageObject\",\"inLanguage\":\"en-US\",\"@id\":\"https:\\\/\\\/metacoach.lv\\\/#\\\/schema\\\/logo\\\/image\\\/\",\"url\":\"https:\\\/\\\/metacoach.lv\\\/wp-content\\\/uploads\\\/2021\\\/12\\\/logo-color.png\",\"contentUrl\":\"https:\\\/\\\/metacoach.lv\\\/wp-content\\\/uploads\\\/2021\\\/12\\\/logo-color.png\",\"width\":256,\"height\":70,\"caption\":\"MetaCoach\"},\"image\":{\"@id\":\"https:\\\/\\\/metacoach.lv\\\/#\\\/schema\\\/logo\\\/image\\\/\"},\"sameAs\":[\"https:\\\/\\\/www.facebook.com\\\/APCLatvija\\\/\",\"https:\\\/\\\/www.instagram.com\\\/metacoach_center\\\/\",\"https:\\\/\\\/www.linkedin.com\\\/company\\\/18811529\\\/admin\\\/\",\"https:\\\/\\\/www.youtube.com\\\/channel\\\/UCBxxPZTVu8s38tl-rmo6xAA\\\/\"]}]}<\/script>\n<!-- \/ Yoast SEO Premium plugin. -->","yoast_head_json":{"title":"KOU\u010cINGA R\u012aKU ROKASGR\u0100MATA - MetaCoach","robots":{"index":"index","follow":"follow","max-snippet":"max-snippet:-1","max-image-preview":"max-image-preview:large","max-video-preview":"max-video-preview:-1"},"canonical":"https:\/\/metacoach.lv\/product\/koucinga-riku-rokasgramata\/","og_locale":"en_US","og_type":"article","og_title":"KOU\u010cINGA R\u012aKU ROKASGR\u0100MATA","og_description":"FREE  Rokasgr\u0101mata ietver interakt\u012bvas kou\u010dinga metodes publisk\u0101 sektora darbiniekiem k\u0101 l\u012bdzekli publisko pakalpojumu uzlabo\u0161anai. Aprakst\u012bt\u0101s metodes ir izv\u0113l\u0113tas, lai veicin\u0101tu vid\u0113j\u0101 un zem\u0101k\u0101 l\u012bme\u0146a vad\u012bt\u0101ju pa\u0161att\u012bst\u012bbu un uzlabotu vi\u0146u prasmes veidot maz\u0101k saspringtu darba vidi.      To izstr\u0101d\u0101ja Valsts administr\u0101cijas skola (VAS) sadarb\u012bb\u0101 ar KSAP \u2013 Valsts administr\u0101cijas skolu Polij\u0101, SIP \u2013 Society in Progress Grie\u0137ij\u0101 un MetaCoach Latvij\u0101 ES programmas Erasmus plus projekta \u201cKou\u010dinga instrumentu pilnveido\u0161ana un ievie\u0161ana publisk\u0101s p\u0101rvaldes darba kvalit\u0101tes uzlabo\u0161anai\u201d (Coaching Techniques For The Public Sector As A Tool To Improvement Of The Public Services; Nr. 2020-1-LV01-KA202-077571) ietvaros. Projekta komanda apvienoja savas zin\u0101\u0161anas un pieredzi, lai izveidotu \u0161o kou\u010dinga r\u012bku rokasgr\u0101matu, un p\u0101rbaud\u012bja to praks\u0113, apm\u0101cot pilotgrupas vis\u0101s tr\u012bs valst\u012bs.  Programma, kas tika pied\u0101v\u0101ta vad\u012bt\u0101jiem \u0161\u012b projekta ietvaros, ir pieejama apskatei \u0160EIT.","og_url":"https:\/\/metacoach.lv\/product\/koucinga-riku-rokasgramata\/","og_site_name":"MetaCoach","article_publisher":"https:\/\/www.facebook.com\/APCLatvija\/","article_modified_time":"2025-02-17T08:50:48+00:00","og_image":[{"width":838,"height":1191,"url":"https:\/\/metacoach.lv\/wp-content\/uploads\/2022\/09\/1.png","type":"image\/png"}],"twitter_card":"summary_large_image","schema":{"@context":"https:\/\/schema.org","@graph":[{"@type":"WebPage","@id":"https:\/\/metacoach.lv\/product\/koucinga-riku-rokasgramata\/","url":"https:\/\/metacoach.lv\/product\/koucinga-riku-rokasgramata\/","name":"KOU\u010cINGA R\u012aKU ROKASGR\u0100MATA - MetaCoach","isPartOf":{"@id":"https:\/\/metacoach.lv\/#website"},"primaryImageOfPage":{"@id":"https:\/\/metacoach.lv\/product\/koucinga-riku-rokasgramata\/#primaryimage"},"image":{"@id":"https:\/\/metacoach.lv\/product\/koucinga-riku-rokasgramata\/#primaryimage"},"thumbnailUrl":"https:\/\/metacoach.lv\/wp-content\/uploads\/2022\/09\/1.png","datePublished":"2025-02-02T06:47:19+00:00","dateModified":"2025-02-17T08:50:48+00:00","breadcrumb":{"@id":"https:\/\/metacoach.lv\/product\/koucinga-riku-rokasgramata\/#breadcrumb"},"inLanguage":"en-US","potentialAction":[{"@type":"ReadAction","target":["https:\/\/metacoach.lv\/product\/koucinga-riku-rokasgramata\/"]}]},{"@type":"ImageObject","inLanguage":"en-US","@id":"https:\/\/metacoach.lv\/product\/koucinga-riku-rokasgramata\/#primaryimage","url":"https:\/\/metacoach.lv\/wp-content\/uploads\/2022\/09\/1.png","contentUrl":"https:\/\/metacoach.lv\/wp-content\/uploads\/2022\/09\/1.png","width":838,"height":1191,"caption":"Kou\u010dinga r\u012bku rokasgr\u0101mata"},{"@type":"BreadcrumbList","@id":"https:\/\/metacoach.lv\/product\/koucinga-riku-rokasgramata\/#breadcrumb","itemListElement":[{"@type":"ListItem","position":1,"name":"Home","item":"https:\/\/metacoach.lv\/"},{"@type":"ListItem","position":2,"name":"Veikals","item":"https:\/\/metacoach.lv\/veikals\/"},{"@type":"ListItem","position":3,"name":"KOU\u010cINGA R\u012aKU ROKASGR\u0100MATA"}]},{"@type":"WebSite","@id":"https:\/\/metacoach.lv\/#website","url":"https:\/\/metacoach.lv\/","name":"MetaCoach","description":"Profesion\u0101lo kou\u010du un l\u012bder\u012bbas apm\u0101c\u012bbas","publisher":{"@id":"https:\/\/metacoach.lv\/#organization"},"potentialAction":[{"@type":"SearchAction","target":{"@type":"EntryPoint","urlTemplate":"https:\/\/metacoach.lv\/?s={search_term_string}"},"query-input":{"@type":"PropertyValueSpecification","valueRequired":true,"valueName":"search_term_string"}}],"inLanguage":"en-US"},{"@type":"Organization","@id":"https:\/\/metacoach.lv\/#organization","name":"MetaCoach","url":"https:\/\/metacoach.lv\/","logo":{"@type":"ImageObject","inLanguage":"en-US","@id":"https:\/\/metacoach.lv\/#\/schema\/logo\/image\/","url":"https:\/\/metacoach.lv\/wp-content\/uploads\/2021\/12\/logo-color.png","contentUrl":"https:\/\/metacoach.lv\/wp-content\/uploads\/2021\/12\/logo-color.png","width":256,"height":70,"caption":"MetaCoach"},"image":{"@id":"https:\/\/metacoach.lv\/#\/schema\/logo\/image\/"},"sameAs":["https:\/\/www.facebook.com\/APCLatvija\/","https:\/\/www.instagram.com\/metacoach_center\/","https:\/\/www.linkedin.com\/company\/18811529\/admin\/","https:\/\/www.youtube.com\/channel\/UCBxxPZTVu8s38tl-rmo6xAA\/"]}]}},"_links":{"self":[{"href":"https:\/\/metacoach.lv\/en\/wp-json\/wp\/v2\/product\/10500","targetHints":{"allow":["GET"]}}],"collection":[{"href":"https:\/\/metacoach.lv\/en\/wp-json\/wp\/v2\/product"}],"about":[{"href":"https:\/\/metacoach.lv\/en\/wp-json\/wp\/v2\/types\/product"}],"wp:featuredmedia":[{"embeddable":true,"href":"https:\/\/metacoach.lv\/en\/wp-json\/wp\/v2\/media\/7875"}],"wp:attachment":[{"href":"https:\/\/metacoach.lv\/en\/wp-json\/wp\/v2\/media?parent=10500"}],"wp:term":[{"taxonomy":"product_brand","embeddable":true,"href":"https:\/\/metacoach.lv\/en\/wp-json\/wp\/v2\/product_brand?post=10500"},{"taxonomy":"product_cat","embeddable":true,"href":"https:\/\/metacoach.lv\/en\/wp-json\/wp\/v2\/product_cat?post=10500"},{"taxonomy":"product_tag","embeddable":true,"href":"https:\/\/metacoach.lv\/en\/wp-json\/wp\/v2\/product_tag?post=10500"}],"curies":[{"name":"wp","href":"https:\/\/api.w.org\/{rel}","templated":true}]}}